{"id":41,"date":"2016-08-02T11:00:46","date_gmt":"2016-08-02T08:00:46","guid":{"rendered":"http:\/\/www.ksttukku.fi\/cms\/?page_id=41"},"modified":"2016-08-02T11:05:04","modified_gmt":"2016-08-02T08:05:04","slug":"jalleenmyyja","status":"publish","type":"page","link":"https:\/\/www.ksttukku.fi\/cms\/jalleenmyyja\/","title":{"rendered":"J\u00e4lleenmyyj\u00e4"},"content":{"rendered":"<p>J\u00e4lleenmyyj\u00e4mme saavat halutessaan tunnukset kotisivuillemme jolloin p\u00e4\u00e4see my\u00f6s n\u00e4kem\u00e4\u00e4n tuotteiden hintatiedot, sek\u00e4 tilaamaan tuotteitamme kotisivujen kautta.<\/p>\n<p>Mik\u00e4li haluat j\u00e4lleenmyyj\u00e4tunnukset verkkokauppaan &#8211; ota yhteytt\u00e4:<\/p>\n<p>kst@ksttukku.fi tai puhelimitse 0207 940 500<\/p>\n","protected":false},"excerpt":{"rendered":"<p>J\u00e4lleenmyyj\u00e4mme saavat halutessaan tunnukset kotisivuillemme jolloin p\u00e4\u00e4see my\u00f6s n\u00e4kem\u00e4\u00e4n tuotteiden hintatiedot, sek\u00e4 tilaamaan tuotteitamme kotisivujen kautta. Mik\u00e4li haluat j\u00e4lleenmyyj\u00e4tunnukset verkkokauppaan &#8211; ota yhteytt\u00e4: kst@ksttukku.fi tai puhelimitse 0207 940 500<\/p>\n","protected":false},"author":1,"featured_media":0,"parent":0,"menu_order":0,"comment_status":"closed","ping_status":"closed","template":"","meta":{"footnotes":""},"class_list":["post-41","page","type-page","status-publish","hentry"],"_links":{"self":[{"href":"https:\/\/www.ksttukku.fi\/cms\/wp-json\/wp\/v2\/pages\/41","targetHints":{"allow":["GET"]}}],"collection":[{"href":"https:\/\/www.ksttukku.fi\/cms\/wp-json\/wp\/v2\/pages"}],"about":[{"href":"https:\/\/www.ksttukku.fi\/cms\/wp-json\/wp\/v2\/types\/page"}],"author":[{"embeddable":true,"href":"https:\/\/www.ksttukku.fi\/cms\/wp-json\/wp\/v2\/users\/1"}],"replies":[{"embeddable":true,"href":"https:\/\/www.ksttukku.fi\/cms\/wp-json\/wp\/v2\/comments?post=41"}],"version-history":[{"count":2,"href":"https:\/\/www.ksttukku.fi\/cms\/wp-json\/wp\/v2\/pages\/41\/revisions"}],"predecessor-version":[{"id":45,"href":"https:\/\/www.ksttukku.fi\/cms\/wp-json\/wp\/v2\/pages\/41\/revisions\/45"}],"wp:attachment":[{"href":"https:\/\/www.ksttukku.fi\/cms\/wp-json\/wp\/v2\/media?parent=41"}],"curies":[{"name":"wp","href":"https:\/\/api.w.org\/{rel}","templated":true}]}}