{"id":1046,"date":"2017-02-23T16:50:16","date_gmt":"2017-02-23T14:50:16","guid":{"rendered":"http:\/\/www.ksttukku.fi\/cms\/?post_type=product&#038;p=1046"},"modified":"2018-06-14T12:01:25","modified_gmt":"2018-06-14T09:01:25","slug":"led-alasvalo-6w-ip20-suunnattava","status":"publish","type":"product","link":"https:\/\/www.ksttukku.fi\/cms\/tuote\/led-alasvalo-6w-ip20-suunnattava\/","title":{"rendered":"Led-alasvalo 6W, IP20, suunnattava"},"content":{"rendered":"<p>Uppoasennettava ledvalaisin kaikkiin kodin kuiviin tiloihin<\/p>\n<p>Sis\u00e4lt\u00e4\u00e4 liit\u00e4nt\u00e4laitteen<\/p>\n<p>Teho: 6 W<\/p>\n<p>Valovirta: 450 lm<\/p>\n<p>Valaisimen koko:\u00a0\u2205 85 mm, korkeus 45 mm<\/p>\n<p>Upotusaukko: \u2205 75 mm<\/p>\n<p>Valonjakokulma: 45\u00b0<\/p>\n<p>V\u00e4ril\u00e4mp\u00f6 4000 K<\/p>\n<p>V\u00e4ri: valkoinen<\/p>\n","protected":false},"excerpt":{"rendered":"<p>Uppoasennettava ja suunnattava ledvalaisin kodin sisustus- ja korostusvalaistukseen<\/p>\n","protected":false},"featured_media":1043,"comment_status":"open","ping_status":"closed","template":"","meta":[],"product_brand":[],"product_cat":[23],"product_tag":[],"class_list":{"0":"post-1046","1":"product","2":"type-product","3":"status-publish","4":"has-post-thumbnail","6":"product_cat-upotettavat","8":"first","9":"instock","10":"taxable","11":"shipping-taxable","12":"purchasable","13":"product-type-simple"},"_links":{"self":[{"href":"https:\/\/www.ksttukku.fi\/cms\/wp-json\/wp\/v2\/product\/1046","targetHints":{"allow":["GET"]}}],"collection":[{"href":"https:\/\/www.ksttukku.fi\/cms\/wp-json\/wp\/v2\/product"}],"about":[{"href":"https:\/\/www.ksttukku.fi\/cms\/wp-json\/wp\/v2\/types\/product"}],"replies":[{"embeddable":true,"href":"https:\/\/www.ksttukku.fi\/cms\/wp-json\/wp\/v2\/comments?post=1046"}],"wp:featuredmedia":[{"embeddable":true,"href":"https:\/\/www.ksttukku.fi\/cms\/wp-json\/wp\/v2\/media\/1043"}],"wp:attachment":[{"href":"https:\/\/www.ksttukku.fi\/cms\/wp-json\/wp\/v2\/media?parent=1046"}],"wp:term":[{"taxonomy":"product_brand","embeddable":true,"href":"https:\/\/www.ksttukku.fi\/cms\/wp-json\/wp\/v2\/product_brand?post=1046"},{"taxonomy":"product_cat","embeddable":true,"href":"https:\/\/www.ksttukku.fi\/cms\/wp-json\/wp\/v2\/product_cat?post=1046"},{"taxonomy":"product_tag","embeddable":true,"href":"https:\/\/www.ksttukku.fi\/cms\/wp-json\/wp\/v2\/product_tag?post=1046"}],"curies":[{"name":"wp","href":"https:\/\/api.w.org\/{rel}","templated":true}]}}