{"id":1124,"date":"2017-03-09T15:55:39","date_gmt":"2017-03-09T13:55:39","guid":{"rendered":"http:\/\/www.ksttukku.fi\/cms\/?post_type=product&#038;p=1124"},"modified":"2017-03-09T16:28:44","modified_gmt":"2017-03-09T14:28:44","slug":"valosarja-120-os-lammin-valkoinen","status":"publish","type":"product","link":"https:\/\/www.ksttukku.fi\/cms\/tuote\/valosarja-120-os-lammin-valkoinen\/","title":{"rendered":"Valosarja 120-os, l\u00e4mmin valkoinen"},"content":{"rendered":"<p>Muovirasia pakkaus 13&#215;16,5&#215;8 cm.<br \/>\n120x led l\u00e4mmin valkoinen.<br \/>\nMuuntaja 31V, 3,6W, IP44.<br \/>\nValoaihe 11,9 m. Ledit 10 cm v\u00e4lein.<br \/>\nL\u00e4pin\u00e4kyv\u00e4 johto 0,15m2.<br \/>\nLiit\u00e4nt\u00e4johto 5 m.<\/p>\n","protected":false},"excerpt":{"rendered":"<p>Ennakkohinta<\/p>\n<p>Myyntier\u00e4 24 kpl<\/p>\n","protected":false},"featured_media":1122,"comment_status":"open","ping_status":"closed","template":"","meta":[],"product_brand":[],"product_cat":[13,14],"product_tag":[],"class_list":{"0":"post-1124","1":"product","2":"type-product","3":"status-publish","4":"has-post-thumbnail","6":"product_cat-joulu-ja-koristevalot","7":"product_cat-led-valosarjat","9":"first","10":"instock","11":"sale","12":"taxable","13":"shipping-taxable","14":"purchasable","15":"product-type-simple"},"_links":{"self":[{"href":"https:\/\/www.ksttukku.fi\/cms\/wp-json\/wp\/v2\/product\/1124","targetHints":{"allow":["GET"]}}],"collection":[{"href":"https:\/\/www.ksttukku.fi\/cms\/wp-json\/wp\/v2\/product"}],"about":[{"href":"https:\/\/www.ksttukku.fi\/cms\/wp-json\/wp\/v2\/types\/product"}],"replies":[{"embeddable":true,"href":"https:\/\/www.ksttukku.fi\/cms\/wp-json\/wp\/v2\/comments?post=1124"}],"wp:featuredmedia":[{"embeddable":true,"href":"https:\/\/www.ksttukku.fi\/cms\/wp-json\/wp\/v2\/media\/1122"}],"wp:attachment":[{"href":"https:\/\/www.ksttukku.fi\/cms\/wp-json\/wp\/v2\/media?parent=1124"}],"wp:term":[{"taxonomy":"product_brand","embeddable":true,"href":"https:\/\/www.ksttukku.fi\/cms\/wp-json\/wp\/v2\/product_brand?post=1124"},{"taxonomy":"product_cat","embeddable":true,"href":"https:\/\/www.ksttukku.fi\/cms\/wp-json\/wp\/v2\/product_cat?post=1124"},{"taxonomy":"product_tag","embeddable":true,"href":"https:\/\/www.ksttukku.fi\/cms\/wp-json\/wp\/v2\/product_tag?post=1124"}],"curies":[{"name":"wp","href":"https:\/\/api.w.org\/{rel}","templated":true}]}}