{"id":1140,"date":"2017-03-10T17:31:30","date_gmt":"2017-03-10T15:31:30","guid":{"rendered":"http:\/\/www.ksttukku.fi\/cms\/?post_type=product&#038;p=1140"},"modified":"2017-03-10T17:31:30","modified_gmt":"2017-03-10T15:31:30","slug":"valosarja-600-os-lammin-valkoinen","status":"publish","type":"product","link":"https:\/\/www.ksttukku.fi\/cms\/tuote\/valosarja-600-os-lammin-valkoinen\/","title":{"rendered":"Valosarja 600-os, l\u00e4mmin valkoinen"},"content":{"rendered":"<p>Pakkaus 14,5&#215;25,5&#215;10 cm.<br \/>\n600x mini led, halk. 3mm.<br \/>\nMini led j\u00e4ljittelee hehkulampun valoa.<br \/>\nValoaihe 30 m. Lamppujen v\u00e4li 5 cm.<br \/>\nMusta 10 m liit\u00e4nt\u00e4johto.<br \/>\nMuuntaja 31V, IP44.<br \/>\nSis\u00e4- ja ulkok\u00e4ytt\u00f6\u00f6n.<\/p>\n","protected":false},"excerpt":{"rendered":"<p>Ennakkohinta<\/p>\n<p>Myyntier\u00e4 12 kpl<\/p>\n","protected":false},"featured_media":1135,"comment_status":"open","ping_status":"closed","template":"","meta":[],"product_brand":[],"product_cat":[13,14],"product_tag":[],"class_list":{"0":"post-1140","1":"product","2":"type-product","3":"status-publish","4":"has-post-thumbnail","6":"product_cat-joulu-ja-koristevalot","7":"product_cat-led-valosarjat","9":"first","10":"instock","11":"sale","12":"taxable","13":"shipping-taxable","14":"purchasable","15":"product-type-simple"},"_links":{"self":[{"href":"https:\/\/www.ksttukku.fi\/cms\/wp-json\/wp\/v2\/product\/1140","targetHints":{"allow":["GET"]}}],"collection":[{"href":"https:\/\/www.ksttukku.fi\/cms\/wp-json\/wp\/v2\/product"}],"about":[{"href":"https:\/\/www.ksttukku.fi\/cms\/wp-json\/wp\/v2\/types\/product"}],"replies":[{"embeddable":true,"href":"https:\/\/www.ksttukku.fi\/cms\/wp-json\/wp\/v2\/comments?post=1140"}],"wp:featuredmedia":[{"embeddable":true,"href":"https:\/\/www.ksttukku.fi\/cms\/wp-json\/wp\/v2\/media\/1135"}],"wp:attachment":[{"href":"https:\/\/www.ksttukku.fi\/cms\/wp-json\/wp\/v2\/media?parent=1140"}],"wp:term":[{"taxonomy":"product_brand","embeddable":true,"href":"https:\/\/www.ksttukku.fi\/cms\/wp-json\/wp\/v2\/product_brand?post=1140"},{"taxonomy":"product_cat","embeddable":true,"href":"https:\/\/www.ksttukku.fi\/cms\/wp-json\/wp\/v2\/product_cat?post=1140"},{"taxonomy":"product_tag","embeddable":true,"href":"https:\/\/www.ksttukku.fi\/cms\/wp-json\/wp\/v2\/product_tag?post=1140"}],"curies":[{"name":"wp","href":"https:\/\/api.w.org\/{rel}","templated":true}]}}