{"id":1357,"date":"2017-04-06T16:34:36","date_gmt":"2017-04-06T13:34:36","guid":{"rendered":"http:\/\/www.ksttukku.fi\/cms\/?post_type=product&#038;p=1357"},"modified":"2017-04-06T16:34:36","modified_gmt":"2017-04-06T13:34:36","slug":"valoverkko-2m-x-2m-varillinen","status":"publish","type":"product","link":"https:\/\/www.ksttukku.fi\/cms\/tuote\/valoverkko-2m-x-2m-varillinen\/","title":{"rendered":"Valoverkko 2m x 2m, v\u00e4rillinen"},"content":{"rendered":"<p>80 v\u00e4rillist\u00e4 ledi\u00e4<\/p>\n<p>Koko: 200 x 200 cm<\/p>\n<p>Liit\u00e4nt\u00e4johto 10 m<\/p>\n<p>Musta kaapeli<\/p>\n","protected":false},"excerpt":{"rendered":"<p>Myyntier\u00e4 12 kpl<\/p>\n","protected":false},"featured_media":1358,"comment_status":"open","ping_status":"closed","template":"","meta":[],"product_brand":[],"product_cat":[13,14],"product_tag":[],"class_list":{"0":"post-1357","1":"product","2":"type-product","3":"status-publish","4":"has-post-thumbnail","6":"product_cat-joulu-ja-koristevalot","7":"product_cat-led-valosarjat","9":"first","10":"instock","11":"taxable","12":"shipping-taxable","13":"purchasable","14":"product-type-simple"},"_links":{"self":[{"href":"https:\/\/www.ksttukku.fi\/cms\/wp-json\/wp\/v2\/product\/1357","targetHints":{"allow":["GET"]}}],"collection":[{"href":"https:\/\/www.ksttukku.fi\/cms\/wp-json\/wp\/v2\/product"}],"about":[{"href":"https:\/\/www.ksttukku.fi\/cms\/wp-json\/wp\/v2\/types\/product"}],"replies":[{"embeddable":true,"href":"https:\/\/www.ksttukku.fi\/cms\/wp-json\/wp\/v2\/comments?post=1357"}],"wp:featuredmedia":[{"embeddable":true,"href":"https:\/\/www.ksttukku.fi\/cms\/wp-json\/wp\/v2\/media\/1358"}],"wp:attachment":[{"href":"https:\/\/www.ksttukku.fi\/cms\/wp-json\/wp\/v2\/media?parent=1357"}],"wp:term":[{"taxonomy":"product_brand","embeddable":true,"href":"https:\/\/www.ksttukku.fi\/cms\/wp-json\/wp\/v2\/product_brand?post=1357"},{"taxonomy":"product_cat","embeddable":true,"href":"https:\/\/www.ksttukku.fi\/cms\/wp-json\/wp\/v2\/product_cat?post=1357"},{"taxonomy":"product_tag","embeddable":true,"href":"https:\/\/www.ksttukku.fi\/cms\/wp-json\/wp\/v2\/product_tag?post=1357"}],"curies":[{"name":"wp","href":"https:\/\/api.w.org\/{rel}","templated":true}]}}