{"id":136,"date":"2016-08-08T16:42:32","date_gmt":"2016-08-08T13:42:32","guid":{"rendered":"http:\/\/www.ksttukku.fi\/cms\/?post_type=product&#038;p=136"},"modified":"2017-07-20T10:59:52","modified_gmt":"2017-07-20T07:59:52","slug":"led-valonheitin-30w-pir","status":"publish","type":"product","link":"https:\/\/www.ksttukku.fi\/cms\/tuote\/led-valonheitin-30w-pir\/","title":{"rendered":"Led-valonheitin 30W PIR"},"content":{"rendered":"<p>Valaisimessa infrapunaliiketunnistin (PIR)<\/p>\n<p>Havaintoalue,p\u00e4\u00e4ll\u00e4oloaika ja reagoinnin valoisuustaso s\u00e4\u00e4dett\u00e4viss\u00e4 tunnistimen ohjaimista<\/p>\n<p>Valaisimessa valmiina 0,8 m liit\u00e4nt\u00e4johto(kumikaapeli) ja IP 44 SUKO-pistotulppa<\/p>\n<p>Teho: 30 W<\/p>\n<p>valovirta:\u00a0 2600 lm<\/p>\n<p>valaisimen koko:\u00a0 225x 185x 125 (mm)<\/p>\n<p>Valonjakokulma 120\u00b0<\/p>\n<p>V\u00e4ril\u00e4mp\u00f6: 4500K<\/p>\n","protected":false},"excerpt":{"rendered":"<p>Valaisimessa infrapunaliiketunnistin (PIR) Havaintoalue,p\u00e4\u00e4ll\u00e4oloaika ja reagoinnin valoisuustaso s\u00e4\u00e4dett\u00e4viss\u00e4 tunnistimen ohjaimista Valaisimessa valmiina 0,8 m liit\u00e4nt\u00e4johto(kumikaapeli) ja IP 44 SUKO-pistotulppa Teho: 30 W valovirta:\u00a0 2600 lm valaisimen koko:\u00a0 225x 185x 125 (mm) Valonjakokulma 120\u00b0 V\u00e4ril\u00e4mp\u00f6: 4500K<\/p>\n","protected":false},"featured_media":139,"comment_status":"open","ping_status":"closed","template":"","meta":[],"product_brand":[],"product_cat":[78,19],"product_tag":[],"class_list":{"0":"post-136","1":"product","2":"type-product","3":"status-publish","4":"has-post-thumbnail","6":"product_cat-cob-valonheittimet","7":"product_cat-led-valonheittimet","9":"first","10":"instock","11":"taxable","12":"shipping-taxable","13":"purchasable","14":"product-type-simple"},"_links":{"self":[{"href":"https:\/\/www.ksttukku.fi\/cms\/wp-json\/wp\/v2\/product\/136","targetHints":{"allow":["GET"]}}],"collection":[{"href":"https:\/\/www.ksttukku.fi\/cms\/wp-json\/wp\/v2\/product"}],"about":[{"href":"https:\/\/www.ksttukku.fi\/cms\/wp-json\/wp\/v2\/types\/product"}],"replies":[{"embeddable":true,"href":"https:\/\/www.ksttukku.fi\/cms\/wp-json\/wp\/v2\/comments?post=136"}],"wp:featuredmedia":[{"embeddable":true,"href":"https:\/\/www.ksttukku.fi\/cms\/wp-json\/wp\/v2\/media\/139"}],"wp:attachment":[{"href":"https:\/\/www.ksttukku.fi\/cms\/wp-json\/wp\/v2\/media?parent=136"}],"wp:term":[{"taxonomy":"product_brand","embeddable":true,"href":"https:\/\/www.ksttukku.fi\/cms\/wp-json\/wp\/v2\/product_brand?post=136"},{"taxonomy":"product_cat","embeddable":true,"href":"https:\/\/www.ksttukku.fi\/cms\/wp-json\/wp\/v2\/product_cat?post=136"},{"taxonomy":"product_tag","embeddable":true,"href":"https:\/\/www.ksttukku.fi\/cms\/wp-json\/wp\/v2\/product_tag?post=136"}],"curies":[{"name":"wp","href":"https:\/\/api.w.org\/{rel}","templated":true}]}}