{"id":1420,"date":"2017-04-18T16:57:43","date_gmt":"2017-04-18T13:57:43","guid":{"rendered":"http:\/\/www.ksttukku.fi\/cms\/?post_type=product&#038;p=1420"},"modified":"2017-04-18T16:57:43","modified_gmt":"2017-04-18T13:57:43","slug":"112-teline","status":"publish","type":"product","link":"https:\/\/www.ksttukku.fi\/cms\/tuote\/112-teline\/","title":{"rendered":"112-Teline"},"content":{"rendered":"<p>Turvallisuustuotteet aaltopahvisessa myym\u00e4l\u00e4telineess\u00e4.<\/p>\n<p>Optinen palovaroitin 20 kpl<\/p>\n<p>Langattomasti ketjutettava palovaroitin 8 kpl<\/p>\n<p>H\u00e4k\u00e4varoitin 8 kpl<\/p>\n<p>Sammutuspeitto 1,2 m x 1,8 m 9 kpl<\/p>\n<p>Vihre\u00e4 voimaparisto LR6 AA 1,5V 4kpl\/krt 20 kpl<\/p>\n<p>Vihre\u00e4 voimaparisto 6LR61 9V 2 kpl\/krt 20 kpl<\/p>\n<p>Mitat: korkeus 144 cm, leveys 57 cm, syvyys 40 cm<\/p>\n<p>&nbsp;<\/p>\n<p>&nbsp;<\/p>\n","protected":false},"excerpt":{"rendered":"<p>Turvallisuustuotteet aaltopahvisessa myym\u00e4l\u00e4telineess\u00e4. Optinen palovaroitin 20 kpl Langattomasti ketjutettava palovaroitin 8 kpl H\u00e4k\u00e4varoitin 8 kpl Sammutuspeitto 1,2 m x 1,8 m 9 kpl Vihre\u00e4 voimaparisto LR6 AA 1,5V 4kpl\/krt 20 kpl Vihre\u00e4 voimaparisto 6LR61 9V 2 kpl\/krt 20 kpl Mitat: &hellip;<\/p>\n<p class=\"read-more\"> <a class=\"more-link\" href=\"https:\/\/www.ksttukku.fi\/cms\/tuote\/112-teline\/\"> <span class=\"screen-reader-text\">112-Teline<\/span> Lue lis\u00e4\u00e4 &raquo;<\/a><\/p>\n","protected":false},"featured_media":1421,"comment_status":"open","ping_status":"closed","template":"","meta":[],"product_brand":[],"product_cat":[41],"product_tag":[],"class_list":{"0":"post-1420","1":"product","2":"type-product","3":"status-publish","4":"has-post-thumbnail","6":"product_cat-turvallisuustuotteet","8":"first","9":"instock","10":"taxable","11":"shipping-taxable","12":"purchasable","13":"product-type-simple"},"_links":{"self":[{"href":"https:\/\/www.ksttukku.fi\/cms\/wp-json\/wp\/v2\/product\/1420","targetHints":{"allow":["GET"]}}],"collection":[{"href":"https:\/\/www.ksttukku.fi\/cms\/wp-json\/wp\/v2\/product"}],"about":[{"href":"https:\/\/www.ksttukku.fi\/cms\/wp-json\/wp\/v2\/types\/product"}],"replies":[{"embeddable":true,"href":"https:\/\/www.ksttukku.fi\/cms\/wp-json\/wp\/v2\/comments?post=1420"}],"wp:featuredmedia":[{"embeddable":true,"href":"https:\/\/www.ksttukku.fi\/cms\/wp-json\/wp\/v2\/media\/1421"}],"wp:attachment":[{"href":"https:\/\/www.ksttukku.fi\/cms\/wp-json\/wp\/v2\/media?parent=1420"}],"wp:term":[{"taxonomy":"product_brand","embeddable":true,"href":"https:\/\/www.ksttukku.fi\/cms\/wp-json\/wp\/v2\/product_brand?post=1420"},{"taxonomy":"product_cat","embeddable":true,"href":"https:\/\/www.ksttukku.fi\/cms\/wp-json\/wp\/v2\/product_cat?post=1420"},{"taxonomy":"product_tag","embeddable":true,"href":"https:\/\/www.ksttukku.fi\/cms\/wp-json\/wp\/v2\/product_tag?post=1420"}],"curies":[{"name":"wp","href":"https:\/\/api.w.org\/{rel}","templated":true}]}}