{"id":1471,"date":"2017-04-22T13:30:47","date_gmt":"2017-04-22T10:30:47","guid":{"rendered":"http:\/\/www.ksttukku.fi\/cms\/?post_type=product&#038;p=1471"},"modified":"2017-04-22T13:30:47","modified_gmt":"2017-04-22T10:30:47","slug":"led-puuvillapallosarja-16-os-varillinen-3","status":"publish","type":"product","link":"https:\/\/www.ksttukku.fi\/cms\/tuote\/led-puuvillapallosarja-16-os-varillinen-3\/","title":{"rendered":"Led-puuvillapallosarja 16-os, v\u00e4rillinen"},"content":{"rendered":"<p>16 l\u00e4mmin valkoista ledi\u00e4<\/p>\n<p>pallon halkaisija 6 cm<\/p>\n<p>valosarjan pituus 3 m<\/p>\n<p>lampunv\u00e4li 20 cm<\/p>\n<p>Liit\u00e4nt\u00e4johto 3 m<\/p>\n","protected":false},"excerpt":{"rendered":"<p>Myyntier\u00e4 12 kpl<\/p>\n","protected":false},"featured_media":1472,"comment_status":"open","ping_status":"closed","template":"","meta":[],"product_brand":[],"product_cat":[13,54],"product_tag":[],"class_list":{"0":"post-1471","1":"product","2":"type-product","3":"status-publish","4":"has-post-thumbnail","6":"product_cat-joulu-ja-koristevalot","7":"product_cat-puuvillapallosarjat","9":"first","10":"instock","11":"taxable","12":"shipping-taxable","13":"purchasable","14":"product-type-simple"},"_links":{"self":[{"href":"https:\/\/www.ksttukku.fi\/cms\/wp-json\/wp\/v2\/product\/1471","targetHints":{"allow":["GET"]}}],"collection":[{"href":"https:\/\/www.ksttukku.fi\/cms\/wp-json\/wp\/v2\/product"}],"about":[{"href":"https:\/\/www.ksttukku.fi\/cms\/wp-json\/wp\/v2\/types\/product"}],"replies":[{"embeddable":true,"href":"https:\/\/www.ksttukku.fi\/cms\/wp-json\/wp\/v2\/comments?post=1471"}],"wp:featuredmedia":[{"embeddable":true,"href":"https:\/\/www.ksttukku.fi\/cms\/wp-json\/wp\/v2\/media\/1472"}],"wp:attachment":[{"href":"https:\/\/www.ksttukku.fi\/cms\/wp-json\/wp\/v2\/media?parent=1471"}],"wp:term":[{"taxonomy":"product_brand","embeddable":true,"href":"https:\/\/www.ksttukku.fi\/cms\/wp-json\/wp\/v2\/product_brand?post=1471"},{"taxonomy":"product_cat","embeddable":true,"href":"https:\/\/www.ksttukku.fi\/cms\/wp-json\/wp\/v2\/product_cat?post=1471"},{"taxonomy":"product_tag","embeddable":true,"href":"https:\/\/www.ksttukku.fi\/cms\/wp-json\/wp\/v2\/product_tag?post=1471"}],"curies":[{"name":"wp","href":"https:\/\/api.w.org\/{rel}","templated":true}]}}