{"id":171,"date":"2016-08-08T17:38:33","date_gmt":"2016-08-08T14:38:33","guid":{"rendered":"http:\/\/www.ksttukku.fi\/cms\/?post_type=product&#038;p=171"},"modified":"2021-09-17T19:01:47","modified_gmt":"2021-09-17T16:01:47","slug":"led-valosarja-9-osainen-messinki-ip54","status":"publish","type":"product","link":"https:\/\/www.ksttukku.fi\/cms\/tuote\/led-valosarja-9-osainen-messinki-ip54\/","title":{"rendered":"Led-valosarja 9-osainen, messinki, IP54"},"content":{"rendered":"<p>Luo tunnelmaa miellytt\u00e4v\u00e4sti valaisevilla ja helposti asennettavilla ledvaloilla<\/p>\n<p>Pakkaus sis\u00e4lt\u00e4\u00e4: liit\u00e4nt\u00e4laitteen. 9 kpl ledvaloja, varalampun ja liitosjohdot (3 x 3m, 3 x 4m, 3 x 5m)<\/p>\n<p>IP-luokitus: ledit IP54, liit\u00e4nt\u00e4laite IP20<\/p>\n<p>Koko: \u2205 17 mm x 23 mm<\/p>\n<p>Asennusreik\u00e4: \u2205 12 mm<\/p>\n<p>Valonjakokulma: 80\u00b0<\/p>\n<p>V\u00e4ril\u00e4mp\u00f6: 3500 K<\/p>\n<p>V\u00e4ri: messinki<\/p>\n","protected":false},"excerpt":{"rendered":"<p>Voidaan asentaa kaikkiin kodin tiloihin, my\u00f6s sauna- ja pesutiloihin<\/p>\n","protected":false},"featured_media":151,"comment_status":"open","ping_status":"closed","template":"","meta":[],"product_brand":[],"product_cat":[16],"product_tag":[],"class_list":{"0":"post-171","1":"product","2":"type-product","3":"status-publish","4":"has-post-thumbnail","6":"product_cat-led-valosarjat-led-valaisimet","8":"first","9":"instock","10":"taxable","11":"shipping-taxable","12":"purchasable","13":"product-type-simple"},"_links":{"self":[{"href":"https:\/\/www.ksttukku.fi\/cms\/wp-json\/wp\/v2\/product\/171","targetHints":{"allow":["GET"]}}],"collection":[{"href":"https:\/\/www.ksttukku.fi\/cms\/wp-json\/wp\/v2\/product"}],"about":[{"href":"https:\/\/www.ksttukku.fi\/cms\/wp-json\/wp\/v2\/types\/product"}],"replies":[{"embeddable":true,"href":"https:\/\/www.ksttukku.fi\/cms\/wp-json\/wp\/v2\/comments?post=171"}],"wp:featuredmedia":[{"embeddable":true,"href":"https:\/\/www.ksttukku.fi\/cms\/wp-json\/wp\/v2\/media\/151"}],"wp:attachment":[{"href":"https:\/\/www.ksttukku.fi\/cms\/wp-json\/wp\/v2\/media?parent=171"}],"wp:term":[{"taxonomy":"product_brand","embeddable":true,"href":"https:\/\/www.ksttukku.fi\/cms\/wp-json\/wp\/v2\/product_brand?post=171"},{"taxonomy":"product_cat","embeddable":true,"href":"https:\/\/www.ksttukku.fi\/cms\/wp-json\/wp\/v2\/product_cat?post=171"},{"taxonomy":"product_tag","embeddable":true,"href":"https:\/\/www.ksttukku.fi\/cms\/wp-json\/wp\/v2\/product_tag?post=171"}],"curies":[{"name":"wp","href":"https:\/\/api.w.org\/{rel}","templated":true}]}}