{"id":1869,"date":"2017-07-13T16:28:03","date_gmt":"2017-07-13T13:28:03","guid":{"rendered":"http:\/\/www.ksttukku.fi\/cms\/?post_type=product&#038;p=1869"},"modified":"2019-07-09T12:55:13","modified_gmt":"2019-07-09T09:55:13","slug":"ledputki-120cm-18w-2340lm","status":"publish","type":"product","link":"https:\/\/www.ksttukku.fi\/cms\/tuote\/ledputki-120cm-18w-2340lm\/","title":{"rendered":"Ledputki 120cm, 18W, 2340lm"},"content":{"rendered":"<p>Sis\u00e4lt\u00e4\u00e4 LED T8 lasiputken sek\u00e4 LED sytyttimen<\/p>\n<p>Lasiputkessa rikkoutumissuoja lasin sirpaloitumista vastaan<\/p>\n<p>130 lm \/ W<\/p>\n<p>Teho: 18 W<\/p>\n<p>Valovirta: 2340 lm<\/p>\n<p>Mitat: 120 cm<\/p>\n<p>V\u00e4ril\u00e4mp\u00f6tila: 4000 K<\/p>\n","protected":false},"excerpt":{"rendered":"<p>Myyntier\u00e4 25 kpl<\/p>\n","protected":false},"featured_media":1870,"comment_status":"open","ping_status":"closed","template":"","meta":[],"product_brand":[],"product_cat":[20,21],"product_tag":[],"class_list":{"0":"post-1869","1":"product","2":"type-product","3":"status-publish","4":"has-post-thumbnail","6":"product_cat-led-lamput","7":"product_cat-ledputket","9":"first","10":"instock","11":"taxable","12":"shipping-taxable","13":"purchasable","14":"product-type-simple"},"_links":{"self":[{"href":"https:\/\/www.ksttukku.fi\/cms\/wp-json\/wp\/v2\/product\/1869","targetHints":{"allow":["GET"]}}],"collection":[{"href":"https:\/\/www.ksttukku.fi\/cms\/wp-json\/wp\/v2\/product"}],"about":[{"href":"https:\/\/www.ksttukku.fi\/cms\/wp-json\/wp\/v2\/types\/product"}],"replies":[{"embeddable":true,"href":"https:\/\/www.ksttukku.fi\/cms\/wp-json\/wp\/v2\/comments?post=1869"}],"wp:featuredmedia":[{"embeddable":true,"href":"https:\/\/www.ksttukku.fi\/cms\/wp-json\/wp\/v2\/media\/1870"}],"wp:attachment":[{"href":"https:\/\/www.ksttukku.fi\/cms\/wp-json\/wp\/v2\/media?parent=1869"}],"wp:term":[{"taxonomy":"product_brand","embeddable":true,"href":"https:\/\/www.ksttukku.fi\/cms\/wp-json\/wp\/v2\/product_brand?post=1869"},{"taxonomy":"product_cat","embeddable":true,"href":"https:\/\/www.ksttukku.fi\/cms\/wp-json\/wp\/v2\/product_cat?post=1869"},{"taxonomy":"product_tag","embeddable":true,"href":"https:\/\/www.ksttukku.fi\/cms\/wp-json\/wp\/v2\/product_tag?post=1869"}],"curies":[{"name":"wp","href":"https:\/\/api.w.org\/{rel}","templated":true}]}}