{"id":1889,"date":"2017-07-15T12:48:10","date_gmt":"2017-07-15T09:48:10","guid":{"rendered":"http:\/\/www.ksttukku.fi\/cms\/?post_type=product&#038;p=1889"},"modified":"2017-07-15T12:48:10","modified_gmt":"2017-07-15T09:48:10","slug":"ledlamppu-e14-6w-480lm","status":"publish","type":"product","link":"https:\/\/www.ksttukku.fi\/cms\/tuote\/ledlamppu-e14-6w-480lm\/","title":{"rendered":"Ledlamppu E14, 6W, 480lm"},"content":{"rendered":"<p>Lampussa himmennys-mahdollisuus ilman varsinaista himmennint\u00e4 valokatkaisijan kautta (100% \/ 50% \/ 25%)<\/p>\n<p>Teho: 6 W<\/p>\n<p>Valovirta: 480 lm<\/p>\n<p>Mitat: 37 x 103 (mm)<\/p>\n<p>V\u00e4ril\u00e4mp\u00f6tila: 3000 K<\/p>\n<p>K\u00e4ytt\u00f6aika: 25000 h<\/p>\n","protected":false},"excerpt":{"rendered":"<p>Myyntier\u00e4 10 kpl<\/p>\n","protected":false},"featured_media":1890,"comment_status":"open","ping_status":"closed","template":"","meta":[],"product_brand":[],"product_cat":[75,20],"product_tag":[],"class_list":{"0":"post-1889","1":"product","2":"type-product","3":"status-publish","4":"has-post-thumbnail","6":"product_cat-3-step-lamput","7":"product_cat-led-lamput","9":"first","10":"instock","11":"taxable","12":"shipping-taxable","13":"purchasable","14":"product-type-simple"},"_links":{"self":[{"href":"https:\/\/www.ksttukku.fi\/cms\/wp-json\/wp\/v2\/product\/1889","targetHints":{"allow":["GET"]}}],"collection":[{"href":"https:\/\/www.ksttukku.fi\/cms\/wp-json\/wp\/v2\/product"}],"about":[{"href":"https:\/\/www.ksttukku.fi\/cms\/wp-json\/wp\/v2\/types\/product"}],"replies":[{"embeddable":true,"href":"https:\/\/www.ksttukku.fi\/cms\/wp-json\/wp\/v2\/comments?post=1889"}],"wp:featuredmedia":[{"embeddable":true,"href":"https:\/\/www.ksttukku.fi\/cms\/wp-json\/wp\/v2\/media\/1890"}],"wp:attachment":[{"href":"https:\/\/www.ksttukku.fi\/cms\/wp-json\/wp\/v2\/media?parent=1889"}],"wp:term":[{"taxonomy":"product_brand","embeddable":true,"href":"https:\/\/www.ksttukku.fi\/cms\/wp-json\/wp\/v2\/product_brand?post=1889"},{"taxonomy":"product_cat","embeddable":true,"href":"https:\/\/www.ksttukku.fi\/cms\/wp-json\/wp\/v2\/product_cat?post=1889"},{"taxonomy":"product_tag","embeddable":true,"href":"https:\/\/www.ksttukku.fi\/cms\/wp-json\/wp\/v2\/product_tag?post=1889"}],"curies":[{"name":"wp","href":"https:\/\/api.w.org\/{rel}","templated":true}]}}