{"id":1895,"date":"2017-07-17T16:41:57","date_gmt":"2017-07-17T13:41:57","guid":{"rendered":"http:\/\/www.ksttukku.fi\/cms\/?post_type=product&#038;p=1895"},"modified":"2017-07-17T16:41:57","modified_gmt":"2017-07-17T13:41:57","slug":"pakkaslamppu-e27-12w-1050lm","status":"publish","type":"product","link":"https:\/\/www.ksttukku.fi\/cms\/tuote\/pakkaslamppu-e27-12w-1050lm\/","title":{"rendered":"Pakkaslamppu E27, 12W, 1050lm"},"content":{"rendered":"<p>Suunniteltu kest\u00e4m\u00e4\u00e4n \u00e4\u00e4riolosuhteissa jopa -40\u00b0 pakkasissa. Olosuhteista huolimatta valaisin syttyy heti t\u00e4yteen valotehoonsa ja valaisee kirkkaasti ymp\u00e4rist\u00f6ns\u00e4.<\/p>\n<p>Teho: 12 W<\/p>\n<p>Valovirta: 1050 lm<\/p>\n<p>Mitat: 60 x 110 (mm)<\/p>\n<p>V\u00e4ril\u00e4mp\u00f6tila: 3000 K<\/p>\n<p>K\u00e4ytt\u00f6aika: 25000 h<\/p>\n","protected":false},"excerpt":{"rendered":"<p>2 kpl \/ pakkaus<br \/>\nMyyntier\u00e4 10 pkt<\/p>\n","protected":false},"featured_media":1894,"comment_status":"open","ping_status":"closed","template":"","meta":[],"product_brand":[],"product_cat":[20,76],"product_tag":[],"class_list":{"0":"post-1895","1":"product","2":"type-product","3":"status-publish","4":"has-post-thumbnail","6":"product_cat-led-lamput","7":"product_cat-muut-ledlamput","9":"first","10":"instock","11":"taxable","12":"shipping-taxable","13":"purchasable","14":"product-type-simple"},"_links":{"self":[{"href":"https:\/\/www.ksttukku.fi\/cms\/wp-json\/wp\/v2\/product\/1895","targetHints":{"allow":["GET"]}}],"collection":[{"href":"https:\/\/www.ksttukku.fi\/cms\/wp-json\/wp\/v2\/product"}],"about":[{"href":"https:\/\/www.ksttukku.fi\/cms\/wp-json\/wp\/v2\/types\/product"}],"replies":[{"embeddable":true,"href":"https:\/\/www.ksttukku.fi\/cms\/wp-json\/wp\/v2\/comments?post=1895"}],"wp:featuredmedia":[{"embeddable":true,"href":"https:\/\/www.ksttukku.fi\/cms\/wp-json\/wp\/v2\/media\/1894"}],"wp:attachment":[{"href":"https:\/\/www.ksttukku.fi\/cms\/wp-json\/wp\/v2\/media?parent=1895"}],"wp:term":[{"taxonomy":"product_brand","embeddable":true,"href":"https:\/\/www.ksttukku.fi\/cms\/wp-json\/wp\/v2\/product_brand?post=1895"},{"taxonomy":"product_cat","embeddable":true,"href":"https:\/\/www.ksttukku.fi\/cms\/wp-json\/wp\/v2\/product_cat?post=1895"},{"taxonomy":"product_tag","embeddable":true,"href":"https:\/\/www.ksttukku.fi\/cms\/wp-json\/wp\/v2\/product_tag?post=1895"}],"curies":[{"name":"wp","href":"https:\/\/api.w.org\/{rel}","templated":true}]}}