{"id":1898,"date":"2017-07-18T16:57:52","date_gmt":"2017-07-18T13:57:52","guid":{"rendered":"http:\/\/www.ksttukku.fi\/cms\/?post_type=product&#038;p=1898"},"modified":"2018-10-24T17:09:16","modified_gmt":"2018-10-24T14:09:16","slug":"ledlamppu-sensorilla-pir-e27-9w-806lm","status":"publish","type":"product","link":"https:\/\/www.ksttukku.fi\/cms\/tuote\/ledlamppu-sensorilla-pir-e27-9w-806lm\/","title":{"rendered":"Ledlamppu liiketunnistin sensorilla E27, 9W, 900lm"},"content":{"rendered":"<p>Vakiokupulamppu liike- ja h\u00e4m\u00e4r\u00e4tunnistimella (microwave-sensori).<\/p>\n<p>Toiminta: Laitettaessa katkaisijasta p\u00e4\u00e4lle, lamppu syttyy. Mik\u00e4li ymp\u00e4rist\u00f6n valotaso on korkeampi kuin 15lux, eik\u00e4 5 metrin s\u00e4teell\u00e4 ole liikkuvia objekteja, lamppu sammuu minuutin j\u00e4lkeen. Jos valoisuustaso on matalampi kuin 15 luxia ja 5 metrin s\u00e4teell\u00e4 on liikkuva objekti, lamppu pysyy p\u00e4\u00e4ll\u00e4. Jos valoisuustaso on alle 15 luxia ja 5 metrin s\u00e4teell\u00e4 ei ole liikkuvaaa objektia, lamppu sammuu minuutin j\u00e4lkeen.<\/p>\n<p>Teho: 9 W<\/p>\n<p>Valovirta: 900 lm<\/p>\n<p>Mitat: 60 x 110 (mm)<\/p>\n<p>V\u00e4ril\u00e4mp\u00f6tila: 4000 K<\/p>\n<p>K\u00e4ytt\u00f6aika: 25000 h<\/p>\n","protected":false},"excerpt":{"rendered":"<p>Myyntier\u00e4 12 kpl<\/p>\n","protected":false},"featured_media":2354,"comment_status":"open","ping_status":"closed","template":"","meta":[],"product_brand":[],"product_cat":[20,76],"product_tag":[],"class_list":{"0":"post-1898","1":"product","2":"type-product","3":"status-publish","4":"has-post-thumbnail","6":"product_cat-led-lamput","7":"product_cat-muut-ledlamput","9":"first","10":"instock","11":"taxable","12":"shipping-taxable","13":"purchasable","14":"product-type-simple"},"_links":{"self":[{"href":"https:\/\/www.ksttukku.fi\/cms\/wp-json\/wp\/v2\/product\/1898","targetHints":{"allow":["GET"]}}],"collection":[{"href":"https:\/\/www.ksttukku.fi\/cms\/wp-json\/wp\/v2\/product"}],"about":[{"href":"https:\/\/www.ksttukku.fi\/cms\/wp-json\/wp\/v2\/types\/product"}],"replies":[{"embeddable":true,"href":"https:\/\/www.ksttukku.fi\/cms\/wp-json\/wp\/v2\/comments?post=1898"}],"wp:featuredmedia":[{"embeddable":true,"href":"https:\/\/www.ksttukku.fi\/cms\/wp-json\/wp\/v2\/media\/2354"}],"wp:attachment":[{"href":"https:\/\/www.ksttukku.fi\/cms\/wp-json\/wp\/v2\/media?parent=1898"}],"wp:term":[{"taxonomy":"product_brand","embeddable":true,"href":"https:\/\/www.ksttukku.fi\/cms\/wp-json\/wp\/v2\/product_brand?post=1898"},{"taxonomy":"product_cat","embeddable":true,"href":"https:\/\/www.ksttukku.fi\/cms\/wp-json\/wp\/v2\/product_cat?post=1898"},{"taxonomy":"product_tag","embeddable":true,"href":"https:\/\/www.ksttukku.fi\/cms\/wp-json\/wp\/v2\/product_tag?post=1898"}],"curies":[{"name":"wp","href":"https:\/\/api.w.org\/{rel}","templated":true}]}}