{"id":1918,"date":"2017-07-22T13:14:46","date_gmt":"2017-07-22T10:14:46","guid":{"rendered":"http:\/\/www.ksttukku.fi\/cms\/?post_type=product&#038;p=1918"},"modified":"2017-07-22T13:14:47","modified_gmt":"2017-07-22T10:14:47","slug":"led-slim-valonheitin-50w","status":"publish","type":"product","link":"https:\/\/www.ksttukku.fi\/cms\/tuote\/led-slim-valonheitin-50w\/","title":{"rendered":"Led slim valonheitin 50W"},"content":{"rendered":"<p>Valaisimessa valmiina 0,8 m liit\u00e4nt\u00e4johto(kumikaapeli) ja IP44 SUKO-pistotulppa<\/p>\n<p>Ohut muotoilu<\/p>\n<p>Teho: 50 W<\/p>\n<p>Valovirta: 4000 lm<\/p>\n<p>IP-luokitus: IP44<\/p>\n<p>Valaisimen koko: 240 x 50 x 210 (mm)<\/p>\n<p>Valonjakokulma 140\u00b0<\/p>\n<p>V\u00e4ril\u00e4mp\u00f6: 4500 K<\/p>\n","protected":false},"excerpt":{"rendered":"<p>Valaisimessa valmiina 0,8 m liit\u00e4nt\u00e4johto(kumikaapeli) ja IP44 SUKO-pistotulppa Ohut muotoilu Teho: 50 W Valovirta: 4000 lm IP-luokitus: IP44 Valaisimen koko: 240 x 50 x 210 (mm) Valonjakokulma 140\u00b0 V\u00e4ril\u00e4mp\u00f6: 4500 K<\/p>\n","protected":false},"featured_media":1919,"comment_status":"open","ping_status":"closed","template":"","meta":[],"product_brand":[],"product_cat":[19,79],"product_tag":[],"class_list":{"0":"post-1918","1":"product","2":"type-product","3":"status-publish","4":"has-post-thumbnail","6":"product_cat-led-valonheittimet","7":"product_cat-slim-valonheittimet","9":"first","10":"instock","11":"taxable","12":"shipping-taxable","13":"purchasable","14":"product-type-simple"},"_links":{"self":[{"href":"https:\/\/www.ksttukku.fi\/cms\/wp-json\/wp\/v2\/product\/1918","targetHints":{"allow":["GET"]}}],"collection":[{"href":"https:\/\/www.ksttukku.fi\/cms\/wp-json\/wp\/v2\/product"}],"about":[{"href":"https:\/\/www.ksttukku.fi\/cms\/wp-json\/wp\/v2\/types\/product"}],"replies":[{"embeddable":true,"href":"https:\/\/www.ksttukku.fi\/cms\/wp-json\/wp\/v2\/comments?post=1918"}],"wp:featuredmedia":[{"embeddable":true,"href":"https:\/\/www.ksttukku.fi\/cms\/wp-json\/wp\/v2\/media\/1919"}],"wp:attachment":[{"href":"https:\/\/www.ksttukku.fi\/cms\/wp-json\/wp\/v2\/media?parent=1918"}],"wp:term":[{"taxonomy":"product_brand","embeddable":true,"href":"https:\/\/www.ksttukku.fi\/cms\/wp-json\/wp\/v2\/product_brand?post=1918"},{"taxonomy":"product_cat","embeddable":true,"href":"https:\/\/www.ksttukku.fi\/cms\/wp-json\/wp\/v2\/product_cat?post=1918"},{"taxonomy":"product_tag","embeddable":true,"href":"https:\/\/www.ksttukku.fi\/cms\/wp-json\/wp\/v2\/product_tag?post=1918"}],"curies":[{"name":"wp","href":"https:\/\/api.w.org\/{rel}","templated":true}]}}