{"id":1939,"date":"2017-07-24T16:51:56","date_gmt":"2017-07-24T13:51:56","guid":{"rendered":"http:\/\/www.ksttukku.fi\/cms\/?post_type=product&#038;p=1939"},"modified":"2017-07-24T16:51:56","modified_gmt":"2017-07-24T13:51:56","slug":"led-slim-valonheitin-2x50w","status":"publish","type":"product","link":"https:\/\/www.ksttukku.fi\/cms\/tuote\/led-slim-valonheitin-2x50w\/","title":{"rendered":"Led slim valonheitin 2x50W"},"content":{"rendered":"<p>Valaisimessa valmiina 3,8 m liit\u00e4nt\u00e4johto (kumikaapeli) ja IP44 SUKO-pistotulppa<\/p>\n<p>Teho: 2 x 50 W<\/p>\n<p>Valovirta: 2 x 4000 lm<\/p>\n<p>IP-luokitus: IP44<\/p>\n<p>Valonjakokulma 140\u00b0<\/p>\n<p>V\u00e4ril\u00e4mp\u00f6: 4500K<\/p>\n","protected":false},"excerpt":{"rendered":"<p>Led-valonheitin tripodjalustalla<\/p>\n","protected":false},"featured_media":1940,"comment_status":"open","ping_status":"closed","template":"","meta":[],"product_brand":[],"product_cat":[19,79],"product_tag":[],"class_list":{"0":"post-1939","1":"product","2":"type-product","3":"status-publish","4":"has-post-thumbnail","6":"product_cat-led-valonheittimet","7":"product_cat-slim-valonheittimet","9":"first","10":"instock","11":"taxable","12":"shipping-taxable","13":"purchasable","14":"product-type-simple"},"_links":{"self":[{"href":"https:\/\/www.ksttukku.fi\/cms\/wp-json\/wp\/v2\/product\/1939","targetHints":{"allow":["GET"]}}],"collection":[{"href":"https:\/\/www.ksttukku.fi\/cms\/wp-json\/wp\/v2\/product"}],"about":[{"href":"https:\/\/www.ksttukku.fi\/cms\/wp-json\/wp\/v2\/types\/product"}],"replies":[{"embeddable":true,"href":"https:\/\/www.ksttukku.fi\/cms\/wp-json\/wp\/v2\/comments?post=1939"}],"wp:featuredmedia":[{"embeddable":true,"href":"https:\/\/www.ksttukku.fi\/cms\/wp-json\/wp\/v2\/media\/1940"}],"wp:attachment":[{"href":"https:\/\/www.ksttukku.fi\/cms\/wp-json\/wp\/v2\/media?parent=1939"}],"wp:term":[{"taxonomy":"product_brand","embeddable":true,"href":"https:\/\/www.ksttukku.fi\/cms\/wp-json\/wp\/v2\/product_brand?post=1939"},{"taxonomy":"product_cat","embeddable":true,"href":"https:\/\/www.ksttukku.fi\/cms\/wp-json\/wp\/v2\/product_cat?post=1939"},{"taxonomy":"product_tag","embeddable":true,"href":"https:\/\/www.ksttukku.fi\/cms\/wp-json\/wp\/v2\/product_tag?post=1939"}],"curies":[{"name":"wp","href":"https:\/\/api.w.org\/{rel}","templated":true}]}}