{"id":1948,"date":"2017-07-26T12:36:05","date_gmt":"2017-07-26T09:36:05","guid":{"rendered":"http:\/\/www.ksttukku.fi\/cms\/?post_type=product&#038;p=1948"},"modified":"2017-07-26T12:36:06","modified_gmt":"2017-07-26T09:36:06","slug":"led-valonauhasarja-5m-48wm-ip20","status":"publish","type":"product","link":"https:\/\/www.ksttukku.fi\/cms\/tuote\/led-valonauhasarja-5m-48wm-ip20\/","title":{"rendered":"Led valonauhasarja 5m (4,8W\/m), IP20"},"content":{"rendered":"<p>LED-valonauha monipuoliseen kodin sisustamiseen. Sis\u00e4lt\u00e4\u00e4 5 metri\u00e4 valonauhaa, joka on mahdollista lyhent\u00e4\u00e4 saksilla 5cm v\u00e4lein. Kiinnitys tapahtuu nauhassa olevan 3M tarranauhan avulla, mukana lis\u00e4ksi 10kpl kiinnikkeit\u00e4. Helppo asentaa pienehk\u00f6\u00f6n tilaan ja antaa mielytt\u00e4v\u00e4n l\u00e4mpim\u00e4n valkoisen valaistuksen. Sis\u00e4lt\u00e4\u00e4 pistorasia-adapterin, sek\u00e4 johdon on\/off kytkimell\u00e4.<\/p>\n<p>Teho: 24 W (4,8W\/m)<\/p>\n<p>Valovirta: 1600 lm<\/p>\n<p>IP-luokitus: IP20<\/p>\n<p>V\u00e4ril\u00e4mp\u00f6: 3000 K <\/p>\n","protected":false},"excerpt":{"rendered":"<p>LED-valonauha monipuoliseen kodin sisustamiseen. Sis\u00e4lt\u00e4\u00e4 5 metri\u00e4 valonauhaa, joka on mahdollista lyhent\u00e4\u00e4 saksilla 5cm v\u00e4lein. Kiinnitys tapahtuu nauhassa olevan 3M tarranauhan avulla, mukana lis\u00e4ksi 10kpl kiinnikkeit\u00e4. Helppo asentaa pienehk\u00f6\u00f6n tilaan ja antaa mielytt\u00e4v\u00e4n l\u00e4mpim\u00e4n valkoisen valaistuksen. Sis\u00e4lt\u00e4\u00e4 pistorasia-adapterin, sek\u00e4 johdon &hellip;<\/p>\n<p class=\"read-more\"> <a class=\"more-link\" href=\"https:\/\/www.ksttukku.fi\/cms\/tuote\/led-valonauhasarja-5m-48wm-ip20\/\"> <span class=\"screen-reader-text\">Led valonauhasarja 5m (4,8W\/m), IP20<\/span> Lue lis\u00e4\u00e4 &raquo;<\/a><\/p>\n","protected":false},"featured_media":1947,"comment_status":"open","ping_status":"closed","template":"","meta":[],"product_brand":[],"product_cat":[80],"product_tag":[],"class_list":{"0":"post-1948","1":"product","2":"type-product","3":"status-publish","4":"has-post-thumbnail","6":"product_cat-led-valonauhasarjat","8":"first","9":"instock","10":"taxable","11":"shipping-taxable","12":"purchasable","13":"product-type-simple"},"_links":{"self":[{"href":"https:\/\/www.ksttukku.fi\/cms\/wp-json\/wp\/v2\/product\/1948","targetHints":{"allow":["GET"]}}],"collection":[{"href":"https:\/\/www.ksttukku.fi\/cms\/wp-json\/wp\/v2\/product"}],"about":[{"href":"https:\/\/www.ksttukku.fi\/cms\/wp-json\/wp\/v2\/types\/product"}],"replies":[{"embeddable":true,"href":"https:\/\/www.ksttukku.fi\/cms\/wp-json\/wp\/v2\/comments?post=1948"}],"wp:featuredmedia":[{"embeddable":true,"href":"https:\/\/www.ksttukku.fi\/cms\/wp-json\/wp\/v2\/media\/1947"}],"wp:attachment":[{"href":"https:\/\/www.ksttukku.fi\/cms\/wp-json\/wp\/v2\/media?parent=1948"}],"wp:term":[{"taxonomy":"product_brand","embeddable":true,"href":"https:\/\/www.ksttukku.fi\/cms\/wp-json\/wp\/v2\/product_brand?post=1948"},{"taxonomy":"product_cat","embeddable":true,"href":"https:\/\/www.ksttukku.fi\/cms\/wp-json\/wp\/v2\/product_cat?post=1948"},{"taxonomy":"product_tag","embeddable":true,"href":"https:\/\/www.ksttukku.fi\/cms\/wp-json\/wp\/v2\/product_tag?post=1948"}],"curies":[{"name":"wp","href":"https:\/\/api.w.org\/{rel}","templated":true}]}}