{"id":1952,"date":"2017-07-26T13:16:06","date_gmt":"2017-07-26T10:16:06","guid":{"rendered":"http:\/\/www.ksttukku.fi\/cms\/?post_type=product&#038;p=1952"},"modified":"2017-07-26T13:16:06","modified_gmt":"2017-07-26T10:16:06","slug":"led-valonauhasarja-5m-48wm-ip65","status":"publish","type":"product","link":"https:\/\/www.ksttukku.fi\/cms\/tuote\/led-valonauhasarja-5m-48wm-ip65\/","title":{"rendered":"Led valonauhasarja 5m (4,8W\/m), IP65"},"content":{"rendered":"<p>Silikoniletkulla suojattu LED-valonauha monipuoliseen valaistukseen. Sopii IP65 luokituksensa ansiosta my\u00f6s terassille ja saunaan, sek\u00e4 kaikkiin muihin kodin tiloihin. Sis\u00e4lt\u00e4\u00e4 5 metri\u00e4 valonauhaa, 10kpl kiinnikkeit\u00e4. Helppo asentaa pienehk\u00f6\u00f6n tilaan ja antaa mielytt\u00e4v\u00e4n l\u00e4mpim\u00e4n valkoisen valaistuksen. Sis\u00e4lt\u00e4\u00e4 pistorasia-adapterin.<\/p>\n<p>Teho: 24 W (4,8W\/m)<\/p>\n<p>Valovirta: 1600 lm<\/p>\n<p>IP-luokitus: IP65 (adapteri IP44)<\/p>\n<p>V\u00e4ril\u00e4mp\u00f6: 3000 K <\/p>\n","protected":false},"excerpt":{"rendered":"<p>Led-valonauhasarja kodin kaikkiin tiloihin.<\/p>\n","protected":false},"featured_media":1951,"comment_status":"open","ping_status":"closed","template":"","meta":[],"product_brand":[],"product_cat":[80],"product_tag":[],"class_list":{"0":"post-1952","1":"product","2":"type-product","3":"status-publish","4":"has-post-thumbnail","6":"product_cat-led-valonauhasarjat","8":"first","9":"instock","10":"taxable","11":"shipping-taxable","12":"purchasable","13":"product-type-simple"},"_links":{"self":[{"href":"https:\/\/www.ksttukku.fi\/cms\/wp-json\/wp\/v2\/product\/1952","targetHints":{"allow":["GET"]}}],"collection":[{"href":"https:\/\/www.ksttukku.fi\/cms\/wp-json\/wp\/v2\/product"}],"about":[{"href":"https:\/\/www.ksttukku.fi\/cms\/wp-json\/wp\/v2\/types\/product"}],"replies":[{"embeddable":true,"href":"https:\/\/www.ksttukku.fi\/cms\/wp-json\/wp\/v2\/comments?post=1952"}],"wp:featuredmedia":[{"embeddable":true,"href":"https:\/\/www.ksttukku.fi\/cms\/wp-json\/wp\/v2\/media\/1951"}],"wp:attachment":[{"href":"https:\/\/www.ksttukku.fi\/cms\/wp-json\/wp\/v2\/media?parent=1952"}],"wp:term":[{"taxonomy":"product_brand","embeddable":true,"href":"https:\/\/www.ksttukku.fi\/cms\/wp-json\/wp\/v2\/product_brand?post=1952"},{"taxonomy":"product_cat","embeddable":true,"href":"https:\/\/www.ksttukku.fi\/cms\/wp-json\/wp\/v2\/product_cat?post=1952"},{"taxonomy":"product_tag","embeddable":true,"href":"https:\/\/www.ksttukku.fi\/cms\/wp-json\/wp\/v2\/product_tag?post=1952"}],"curies":[{"name":"wp","href":"https:\/\/api.w.org\/{rel}","templated":true}]}}