{"id":1953,"date":"2017-07-26T15:29:41","date_gmt":"2017-07-26T12:29:41","guid":{"rendered":"http:\/\/www.ksttukku.fi\/cms\/?post_type=product&#038;p=1953"},"modified":"2018-02-01T15:25:29","modified_gmt":"2018-02-01T13:25:29","slug":"led-valonauhasarja-5m-96wm-ip44","status":"publish","type":"product","link":"https:\/\/www.ksttukku.fi\/cms\/tuote\/led-valonauhasarja-5m-96wm-ip44\/","title":{"rendered":"Led valonauhasarja 5m (9,6W\/m), IP44"},"content":{"rendered":"<p>LED-valonauha monipuoliseen valaistukseen. Sopii IP44 luokituksensa ansiosta esim. terassille sek\u00e4 kaikkiin muihin kodin tiloihin. Sis\u00e4lt\u00e4\u00e4 5 metri\u00e4 valonauhaa. Helppo asentaa pienehk\u00f6\u00f6n tilaan ja antaa tehokkaan puhtaan valkoisen valaistuksen. Sis\u00e4lt\u00e4\u00e4 liit\u00e4nt\u00e4laitteen.<\/p>\n<p>Teho: 48 W (9,6W\/m)<\/p>\n<p>Valovirta: 3360 lm<\/p>\n<p>IP-luokitus: IP44 (liit\u00e4nt\u00e4laite IP20)<\/p>\n<p>V\u00e4ril\u00e4mp\u00f6: 4000 K<\/p>\n","protected":false},"excerpt":{"rendered":"<p>Sopii kaikkiin kodin tiloihin sis\u00e4lle ja ulos.<\/p>\n","protected":false},"featured_media":1954,"comment_status":"open","ping_status":"closed","template":"","meta":[],"product_brand":[],"product_cat":[80],"product_tag":[],"class_list":{"0":"post-1953","1":"product","2":"type-product","3":"status-publish","4":"has-post-thumbnail","6":"product_cat-led-valonauhasarjat","8":"first","9":"instock","10":"taxable","11":"shipping-taxable","12":"purchasable","13":"product-type-simple"},"_links":{"self":[{"href":"https:\/\/www.ksttukku.fi\/cms\/wp-json\/wp\/v2\/product\/1953","targetHints":{"allow":["GET"]}}],"collection":[{"href":"https:\/\/www.ksttukku.fi\/cms\/wp-json\/wp\/v2\/product"}],"about":[{"href":"https:\/\/www.ksttukku.fi\/cms\/wp-json\/wp\/v2\/types\/product"}],"replies":[{"embeddable":true,"href":"https:\/\/www.ksttukku.fi\/cms\/wp-json\/wp\/v2\/comments?post=1953"}],"wp:featuredmedia":[{"embeddable":true,"href":"https:\/\/www.ksttukku.fi\/cms\/wp-json\/wp\/v2\/media\/1954"}],"wp:attachment":[{"href":"https:\/\/www.ksttukku.fi\/cms\/wp-json\/wp\/v2\/media?parent=1953"}],"wp:term":[{"taxonomy":"product_brand","embeddable":true,"href":"https:\/\/www.ksttukku.fi\/cms\/wp-json\/wp\/v2\/product_brand?post=1953"},{"taxonomy":"product_cat","embeddable":true,"href":"https:\/\/www.ksttukku.fi\/cms\/wp-json\/wp\/v2\/product_cat?post=1953"},{"taxonomy":"product_tag","embeddable":true,"href":"https:\/\/www.ksttukku.fi\/cms\/wp-json\/wp\/v2\/product_tag?post=1953"}],"curies":[{"name":"wp","href":"https:\/\/api.w.org\/{rel}","templated":true}]}}