{"id":1971,"date":"2017-07-28T13:08:08","date_gmt":"2017-07-28T10:08:08","guid":{"rendered":"http:\/\/www.ksttukku.fi\/cms\/?post_type=product&#038;p=1971"},"modified":"2017-07-28T13:08:08","modified_gmt":"2017-07-28T10:08:08","slug":"led-valaisin-12w-ip54-ovaali","status":"publish","type":"product","link":"https:\/\/www.ksttukku.fi\/cms\/tuote\/led-valaisin-12w-ip54-ovaali\/","title":{"rendered":"Led valaisin 12W, IP54, ovaali"},"content":{"rendered":"<p>Kest\u00e4v\u00e4 ja monik\u00e4ytt\u00f6inen yleisvalaisin sis\u00e4- ja ulkok\u00e4ytt\u00f6\u00f6n<\/p>\n<p>Asennus pinta-asennuksena katto- tai sein\u00e4pintaan<\/p>\n<p>Teho: 12 W<\/p>\n<p>Valovirta: 840 lm<\/p>\n<p>IP-luokitus: IP54<\/p>\n<p>Valonjakokulma: 120\u00b0<\/p>\n<p>V\u00e4ril\u00e4mp\u00f6 4000 K<\/p>\n","protected":false},"excerpt":{"rendered":"<p>Sopii kaikkiin kodin tiloihin, my\u00f6s ulos ja kylpyhuoneisiin asennettaviksi.<\/p>\n","protected":false},"featured_media":1969,"comment_status":"open","ping_status":"closed","template":"","meta":[],"product_brand":[],"product_cat":[15],"product_tag":[],"class_list":{"0":"post-1971","1":"product","2":"type-product","3":"status-publish","4":"has-post-thumbnail","6":"product_cat-led-valaisimet","8":"first","9":"instock","10":"taxable","11":"shipping-taxable","12":"purchasable","13":"product-type-simple"},"_links":{"self":[{"href":"https:\/\/www.ksttukku.fi\/cms\/wp-json\/wp\/v2\/product\/1971","targetHints":{"allow":["GET"]}}],"collection":[{"href":"https:\/\/www.ksttukku.fi\/cms\/wp-json\/wp\/v2\/product"}],"about":[{"href":"https:\/\/www.ksttukku.fi\/cms\/wp-json\/wp\/v2\/types\/product"}],"replies":[{"embeddable":true,"href":"https:\/\/www.ksttukku.fi\/cms\/wp-json\/wp\/v2\/comments?post=1971"}],"wp:featuredmedia":[{"embeddable":true,"href":"https:\/\/www.ksttukku.fi\/cms\/wp-json\/wp\/v2\/media\/1969"}],"wp:attachment":[{"href":"https:\/\/www.ksttukku.fi\/cms\/wp-json\/wp\/v2\/media?parent=1971"}],"wp:term":[{"taxonomy":"product_brand","embeddable":true,"href":"https:\/\/www.ksttukku.fi\/cms\/wp-json\/wp\/v2\/product_brand?post=1971"},{"taxonomy":"product_cat","embeddable":true,"href":"https:\/\/www.ksttukku.fi\/cms\/wp-json\/wp\/v2\/product_cat?post=1971"},{"taxonomy":"product_tag","embeddable":true,"href":"https:\/\/www.ksttukku.fi\/cms\/wp-json\/wp\/v2\/product_tag?post=1971"}],"curies":[{"name":"wp","href":"https:\/\/api.w.org\/{rel}","templated":true}]}}