{"id":2005,"date":"2017-10-07T13:52:46","date_gmt":"2017-10-07T10:52:46","guid":{"rendered":"http:\/\/www.ksttukku.fi\/cms\/?post_type=product&#038;p=2005"},"modified":"2017-10-07T13:52:46","modified_gmt":"2017-10-07T10:52:46","slug":"ledlamppu-gx53-65w-500-lm","status":"publish","type":"product","link":"https:\/\/www.ksttukku.fi\/cms\/tuote\/ledlamppu-gx53-65w-500-lm\/","title":{"rendered":"Ledlamppu GX53, 6,5W, 500 lm"},"content":{"rendered":"<p>Teho: 6,5 W<\/p>\n<p>Valovirta: 500 lm<\/p>\n<p>Mitat: \u2205 75 x 28 (mm)<\/p>\n<p>Valonjakokulma: 120\u00b0<\/p>\n<p>V\u00e4ril\u00e4mp\u00f6tila: 3000 K<\/p>\n<p>K\u00e4ytt\u00f6aika: 25000 h<\/p>\n","protected":false},"excerpt":{"rendered":"<p>Myyntier\u00e4 10 kpl<\/p>\n","protected":false},"featured_media":2006,"comment_status":"open","ping_status":"closed","template":"","meta":[],"product_brand":[],"product_cat":[20,76],"product_tag":[],"class_list":{"0":"post-2005","1":"product","2":"type-product","3":"status-publish","4":"has-post-thumbnail","6":"product_cat-led-lamput","7":"product_cat-muut-ledlamput","9":"first","10":"instock","11":"taxable","12":"shipping-taxable","13":"purchasable","14":"product-type-simple"},"_links":{"self":[{"href":"https:\/\/www.ksttukku.fi\/cms\/wp-json\/wp\/v2\/product\/2005","targetHints":{"allow":["GET"]}}],"collection":[{"href":"https:\/\/www.ksttukku.fi\/cms\/wp-json\/wp\/v2\/product"}],"about":[{"href":"https:\/\/www.ksttukku.fi\/cms\/wp-json\/wp\/v2\/types\/product"}],"replies":[{"embeddable":true,"href":"https:\/\/www.ksttukku.fi\/cms\/wp-json\/wp\/v2\/comments?post=2005"}],"wp:featuredmedia":[{"embeddable":true,"href":"https:\/\/www.ksttukku.fi\/cms\/wp-json\/wp\/v2\/media\/2006"}],"wp:attachment":[{"href":"https:\/\/www.ksttukku.fi\/cms\/wp-json\/wp\/v2\/media?parent=2005"}],"wp:term":[{"taxonomy":"product_brand","embeddable":true,"href":"https:\/\/www.ksttukku.fi\/cms\/wp-json\/wp\/v2\/product_brand?post=2005"},{"taxonomy":"product_cat","embeddable":true,"href":"https:\/\/www.ksttukku.fi\/cms\/wp-json\/wp\/v2\/product_cat?post=2005"},{"taxonomy":"product_tag","embeddable":true,"href":"https:\/\/www.ksttukku.fi\/cms\/wp-json\/wp\/v2\/product_tag?post=2005"}],"curies":[{"name":"wp","href":"https:\/\/api.w.org\/{rel}","templated":true}]}}