{"id":2021,"date":"2017-12-01T17:55:35","date_gmt":"2017-12-01T15:55:35","guid":{"rendered":"http:\/\/www.ksttukku.fi\/cms\/?post_type=product&#038;p=2021"},"modified":"2021-09-18T14:02:05","modified_gmt":"2021-09-18T11:02:05","slug":"led-valoketju-edison-10-os-e27","status":"publish","type":"product","link":"https:\/\/www.ksttukku.fi\/cms\/tuote\/led-valoketju-edison-10-os-e27\/","title":{"rendered":"Led-partyvaloketju Edison 10-os, E27"},"content":{"rendered":"<p>10 lampun ketju, heikkovirta kirkas filament led lamppu 36V, 3W, lamppu vaihdettavissa<br \/>\nMuuntaja IP44.<br \/>\nLampun v\u00e4li 70 cm.<br \/>\nLiit\u00e4nt\u00e4johto 5 m.<br \/>\nVoidaan liitt\u00e4\u00e4 useampia ketjuja per\u00e4kk\u00e4in.<\/p>\n","protected":false},"excerpt":{"rendered":"<p>10 lampun ketju, heikkovirta kirkas filament led lamppu 36V, 3W, lamppu vaihdettavissa Muuntaja IP44. Lampun v\u00e4li 70 cm. Liit\u00e4nt\u00e4johto 5 m. Voidaan liitt\u00e4\u00e4 useampia ketjuja per\u00e4kk\u00e4in.<\/p>\n","protected":false},"featured_media":2022,"comment_status":"open","ping_status":"closed","template":"","meta":[],"product_brand":[],"product_cat":[13,14],"product_tag":[],"class_list":{"0":"post-2021","1":"product","2":"type-product","3":"status-publish","4":"has-post-thumbnail","6":"product_cat-joulu-ja-koristevalot","7":"product_cat-led-valosarjat","9":"first","10":"instock","11":"taxable","12":"shipping-taxable","13":"purchasable","14":"product-type-simple"},"_links":{"self":[{"href":"https:\/\/www.ksttukku.fi\/cms\/wp-json\/wp\/v2\/product\/2021","targetHints":{"allow":["GET"]}}],"collection":[{"href":"https:\/\/www.ksttukku.fi\/cms\/wp-json\/wp\/v2\/product"}],"about":[{"href":"https:\/\/www.ksttukku.fi\/cms\/wp-json\/wp\/v2\/types\/product"}],"replies":[{"embeddable":true,"href":"https:\/\/www.ksttukku.fi\/cms\/wp-json\/wp\/v2\/comments?post=2021"}],"wp:featuredmedia":[{"embeddable":true,"href":"https:\/\/www.ksttukku.fi\/cms\/wp-json\/wp\/v2\/media\/2022"}],"wp:attachment":[{"href":"https:\/\/www.ksttukku.fi\/cms\/wp-json\/wp\/v2\/media?parent=2021"}],"wp:term":[{"taxonomy":"product_brand","embeddable":true,"href":"https:\/\/www.ksttukku.fi\/cms\/wp-json\/wp\/v2\/product_brand?post=2021"},{"taxonomy":"product_cat","embeddable":true,"href":"https:\/\/www.ksttukku.fi\/cms\/wp-json\/wp\/v2\/product_cat?post=2021"},{"taxonomy":"product_tag","embeddable":true,"href":"https:\/\/www.ksttukku.fi\/cms\/wp-json\/wp\/v2\/product_tag?post=2021"}],"curies":[{"name":"wp","href":"https:\/\/api.w.org\/{rel}","templated":true}]}}