{"id":2027,"date":"2017-12-08T17:40:26","date_gmt":"2017-12-08T15:40:26","guid":{"rendered":"http:\/\/www.ksttukku.fi\/cms\/?post_type=product&#038;p=2027"},"modified":"2018-01-16T15:12:57","modified_gmt":"2018-01-16T13:12:57","slug":"campus-tyopoytavalaisin-11w","status":"publish","type":"product","link":"https:\/\/www.ksttukku.fi\/cms\/tuote\/campus-tyopoytavalaisin-11w\/","title":{"rendered":"Campus ty\u00f6p\u00f6yt\u00e4valaisin 11W, valkoinen"},"content":{"rendered":"<p>Klassinen p\u00f6yt\u00e4valaisinmalli toimiston, kotitoimiston tai koululaisen ty\u00f6skentelyvaloksi. Valaistuskulman ja -asennon s\u00e4\u00e4t\u00f6 on helppoa. Valaisin on helppo kiinnitt\u00e4\u00e4 tukevasti p\u00f6yd\u00e4n tai tason reunaan ruuvattavalla p\u00f6yt\u00e4kiinnikkeell\u00e4.<\/p>\n<ul>\n<li>P\u00f6yt\u00e4kiinnike<\/li>\n<li>Materiaalit metalli ja muovi<\/li>\n<li>Valaisimessa katkaisija<\/li>\n<li>Verkkolaitepistoke<\/li>\n<li>Johdon pituus 1,85 m<\/li>\n<li>V\u00e4ri valkoinen<\/li>\n<li>Valonl\u00e4hde 11W, G23, 3000K, 900lm (sis\u00e4ltyy pakkaukseen)<\/li>\n<\/ul>\n","protected":false},"excerpt":{"rendered":"<p>Klassinen p\u00f6yt\u00e4valaisinmalli toimiston, kotitoimiston tai koululaisen ty\u00f6skentelyvaloksi. Valaistuskulman ja -asennon s\u00e4\u00e4t\u00f6 on helppoa. Valaisin on helppo kiinnitt\u00e4\u00e4 tukevasti p\u00f6yd\u00e4n tai tason reunaan ruuvattavalla p\u00f6yt\u00e4kiinnikkeell\u00e4. P\u00f6yt\u00e4kiinnike Materiaalit metalli ja muovi Valaisimessa katkaisija Verkkolaitepistoke Johdon pituus 1,85 m V\u00e4ri valkoinen Valonl\u00e4hde 11W, &hellip;<\/p>\n<p class=\"read-more\"> <a class=\"more-link\" href=\"https:\/\/www.ksttukku.fi\/cms\/tuote\/campus-tyopoytavalaisin-11w\/\"> <span class=\"screen-reader-text\">Campus ty\u00f6p\u00f6yt\u00e4valaisin 11W, valkoinen<\/span> Lue lis\u00e4\u00e4 &raquo;<\/a><\/p>\n","protected":false},"featured_media":2092,"comment_status":"open","ping_status":"closed","template":"","meta":[],"product_brand":[],"product_cat":[43],"product_tag":[],"class_list":{"0":"post-2027","1":"product","2":"type-product","3":"status-publish","4":"has-post-thumbnail","6":"product_cat-lattia-ja-poytavalaisimet","8":"first","9":"instock","10":"taxable","11":"shipping-taxable","12":"purchasable","13":"product-type-simple"},"_links":{"self":[{"href":"https:\/\/www.ksttukku.fi\/cms\/wp-json\/wp\/v2\/product\/2027","targetHints":{"allow":["GET"]}}],"collection":[{"href":"https:\/\/www.ksttukku.fi\/cms\/wp-json\/wp\/v2\/product"}],"about":[{"href":"https:\/\/www.ksttukku.fi\/cms\/wp-json\/wp\/v2\/types\/product"}],"replies":[{"embeddable":true,"href":"https:\/\/www.ksttukku.fi\/cms\/wp-json\/wp\/v2\/comments?post=2027"}],"wp:featuredmedia":[{"embeddable":true,"href":"https:\/\/www.ksttukku.fi\/cms\/wp-json\/wp\/v2\/media\/2092"}],"wp:attachment":[{"href":"https:\/\/www.ksttukku.fi\/cms\/wp-json\/wp\/v2\/media?parent=2027"}],"wp:term":[{"taxonomy":"product_brand","embeddable":true,"href":"https:\/\/www.ksttukku.fi\/cms\/wp-json\/wp\/v2\/product_brand?post=2027"},{"taxonomy":"product_cat","embeddable":true,"href":"https:\/\/www.ksttukku.fi\/cms\/wp-json\/wp\/v2\/product_cat?post=2027"},{"taxonomy":"product_tag","embeddable":true,"href":"https:\/\/www.ksttukku.fi\/cms\/wp-json\/wp\/v2\/product_tag?post=2027"}],"curies":[{"name":"wp","href":"https:\/\/api.w.org\/{rel}","templated":true}]}}