{"id":2077,"date":"2018-01-12T12:03:47","date_gmt":"2018-01-12T10:03:47","guid":{"rendered":"http:\/\/www.ksttukku.fi\/cms\/?post_type=product&#038;p=2077"},"modified":"2018-01-12T12:03:48","modified_gmt":"2018-01-12T10:03:48","slug":"hamarakytkinpistoke-ip20","status":"publish","type":"product","link":"https:\/\/www.ksttukku.fi\/cms\/tuote\/hamarakytkinpistoke-ip20\/","title":{"rendered":"H\u00e4m\u00e4r\u00e4kytkinpistoke IP20"},"content":{"rendered":"<p>H\u00e4m\u00e4r\u00e4kytkinpistoke kytkee esim. valaisimen p\u00e4\u00e4lle automaattisesti h\u00e4m\u00e4r\u00e4n tullen.<\/p>\n<p>Maks. 300 W<\/p>\n<p>V\u00e4ri: valkoinen<\/p>\n","protected":false},"excerpt":{"rendered":"<p>H\u00e4m\u00e4r\u00e4kytkinpistoke kytkee esim. valaisimen p\u00e4\u00e4lle automaattisesti h\u00e4m\u00e4r\u00e4n tullen. Maks. 300 W V\u00e4ri: valkoinen<\/p>\n","protected":false},"featured_media":2078,"comment_status":"open","ping_status":"closed","template":"","meta":[],"product_brand":[],"product_cat":[33,49],"product_tag":[],"class_list":{"0":"post-2077","1":"product","2":"type-product","3":"status-publish","4":"has-post-thumbnail","6":"product_cat-haaroittimet-ja-adapterit","7":"product_cat-sahkotarvikkeet","9":"first","10":"instock","11":"taxable","12":"shipping-taxable","13":"purchasable","14":"product-type-simple"},"_links":{"self":[{"href":"https:\/\/www.ksttukku.fi\/cms\/wp-json\/wp\/v2\/product\/2077","targetHints":{"allow":["GET"]}}],"collection":[{"href":"https:\/\/www.ksttukku.fi\/cms\/wp-json\/wp\/v2\/product"}],"about":[{"href":"https:\/\/www.ksttukku.fi\/cms\/wp-json\/wp\/v2\/types\/product"}],"replies":[{"embeddable":true,"href":"https:\/\/www.ksttukku.fi\/cms\/wp-json\/wp\/v2\/comments?post=2077"}],"wp:featuredmedia":[{"embeddable":true,"href":"https:\/\/www.ksttukku.fi\/cms\/wp-json\/wp\/v2\/media\/2078"}],"wp:attachment":[{"href":"https:\/\/www.ksttukku.fi\/cms\/wp-json\/wp\/v2\/media?parent=2077"}],"wp:term":[{"taxonomy":"product_brand","embeddable":true,"href":"https:\/\/www.ksttukku.fi\/cms\/wp-json\/wp\/v2\/product_brand?post=2077"},{"taxonomy":"product_cat","embeddable":true,"href":"https:\/\/www.ksttukku.fi\/cms\/wp-json\/wp\/v2\/product_cat?post=2077"},{"taxonomy":"product_tag","embeddable":true,"href":"https:\/\/www.ksttukku.fi\/cms\/wp-json\/wp\/v2\/product_tag?post=2077"}],"curies":[{"name":"wp","href":"https:\/\/api.w.org\/{rel}","templated":true}]}}