{"id":2169,"date":"2018-02-05T15:18:03","date_gmt":"2018-02-05T13:18:03","guid":{"rendered":"http:\/\/www.ksttukku.fi\/cms\/?post_type=product&#038;p=2169"},"modified":"2018-02-05T15:18:03","modified_gmt":"2018-02-05T13:18:03","slug":"roikkavalo-ip54","status":"publish","type":"product","link":"https:\/\/www.ksttukku.fi\/cms\/tuote\/roikkavalo-ip54\/","title":{"rendered":"Roikkavalo IP54"},"content":{"rendered":"<p>Roiskevesitiivis lis\u00e4-, ty\u00f6- ja remonttivalo sis\u00e4- ja ulkok\u00e4ytt\u00f6\u00f6n. Valaisimen sis\u00e4ll\u00e4 E27-lamppua (maks. 60 W) suojaa tiivis lasikupu ja metallikehikko. Johto 5 m mustaa kumikaapelia ja pistotulppaliit\u00e4nt\u00e4. Vinkki: rohkea sisustaja k\u00e4ytt\u00e4\u00e4 roikkavalaisinta sis\u00e4tiloissa luomassa tilaan teollisuushenkist\u00e4 tunnelmaa. Pakkaus ei sis\u00e4ll\u00e4 lamppua. K\u00e4ytt\u00f6: sis\u00e4- ja ulkotilat, suojattu p\u00f6lylt\u00e4 ja roiskuvalta vedelt\u00e4 (IP54).<\/p>\n","protected":false},"excerpt":{"rendered":"<p>Roiskevesitiivis lis\u00e4-, ty\u00f6- ja remonttivalo sis\u00e4- ja ulkok\u00e4ytt\u00f6\u00f6n. Valaisimen sis\u00e4ll\u00e4 E27-lamppua (maks. 60 W) suojaa tiivis lasikupu ja metallikehikko. Johto 5 m mustaa kumikaapelia ja pistotulppaliit\u00e4nt\u00e4. Vinkki: rohkea sisustaja k\u00e4ytt\u00e4\u00e4 roikkavalaisinta sis\u00e4tiloissa luomassa tilaan teollisuushenkist\u00e4 tunnelmaa. Pakkaus ei sis\u00e4ll\u00e4 lamppua. &hellip;<\/p>\n<p class=\"read-more\"> <a class=\"more-link\" href=\"https:\/\/www.ksttukku.fi\/cms\/tuote\/roikkavalo-ip54\/\"> <span class=\"screen-reader-text\">Roikkavalo IP54<\/span> Lue lis\u00e4\u00e4 &raquo;<\/a><\/p>\n","protected":false},"featured_media":2170,"comment_status":"open","ping_status":"closed","template":"","meta":[],"product_brand":[],"product_cat":[49,38],"product_tag":[],"class_list":{"0":"post-2169","1":"product","2":"type-product","3":"status-publish","4":"has-post-thumbnail","6":"product_cat-sahkotarvikkeet","7":"product_cat-valaisintarvikkeet","9":"first","10":"instock","11":"taxable","12":"shipping-taxable","13":"purchasable","14":"product-type-simple"},"_links":{"self":[{"href":"https:\/\/www.ksttukku.fi\/cms\/wp-json\/wp\/v2\/product\/2169","targetHints":{"allow":["GET"]}}],"collection":[{"href":"https:\/\/www.ksttukku.fi\/cms\/wp-json\/wp\/v2\/product"}],"about":[{"href":"https:\/\/www.ksttukku.fi\/cms\/wp-json\/wp\/v2\/types\/product"}],"replies":[{"embeddable":true,"href":"https:\/\/www.ksttukku.fi\/cms\/wp-json\/wp\/v2\/comments?post=2169"}],"wp:featuredmedia":[{"embeddable":true,"href":"https:\/\/www.ksttukku.fi\/cms\/wp-json\/wp\/v2\/media\/2170"}],"wp:attachment":[{"href":"https:\/\/www.ksttukku.fi\/cms\/wp-json\/wp\/v2\/media?parent=2169"}],"wp:term":[{"taxonomy":"product_brand","embeddable":true,"href":"https:\/\/www.ksttukku.fi\/cms\/wp-json\/wp\/v2\/product_brand?post=2169"},{"taxonomy":"product_cat","embeddable":true,"href":"https:\/\/www.ksttukku.fi\/cms\/wp-json\/wp\/v2\/product_cat?post=2169"},{"taxonomy":"product_tag","embeddable":true,"href":"https:\/\/www.ksttukku.fi\/cms\/wp-json\/wp\/v2\/product_tag?post=2169"}],"curies":[{"name":"wp","href":"https:\/\/api.w.org\/{rel}","templated":true}]}}