{"id":2187,"date":"2018-02-13T11:51:05","date_gmt":"2018-02-13T09:51:05","guid":{"rendered":"http:\/\/www.ksttukku.fi\/cms\/?post_type=product&#038;p=2187"},"modified":"2020-07-20T13:46:07","modified_gmt":"2020-07-20T10:46:07","slug":"retki-riistakamera-ip66","status":"publish","type":"product","link":"https:\/\/www.ksttukku.fi\/cms\/tuote\/retki-riistakamera-ip66\/","title":{"rendered":"Retki riistakamera IP66"},"content":{"rendered":"<p>Kamerassa on IP66 vedenpit\u00e4vyysarvo ja se on monipuolinen riistakamera vaativaankin k\u00e4ytt\u00f6\u00f6n. Kamerassa on suomenkielinen k\u00e4ytt\u00f6valikko, joten asetusten ohjelmointi onnistuu vaivattomasti. Kamera on varustettu tehokkailla infrapuna (black) ledeill\u00e4 (42 kpl). Y\u00f6kuvauksen aikana automaattisesti p\u00e4\u00e4lle kytkeytyv\u00e4 salama on t\u00e4ysin n\u00e4kym\u00e4t\u00f6n ihmisille ja el\u00e4imille. Kamera toimii AA-paristoilla (12 kpl, ei mukana) jopa 3kk, riippuen kuvausm\u00e4\u00e4r\u00e4st\u00e4 ja vuodenajasta. Kamerassa on ulkoinen virtaliit\u00e4nt\u00e4 ulkoiselle 12V akulle, varavirtal\u00e4hteelle tai aurinkopaneelille.<\/p>\n<p>Kuva: 12MP\/16MP\/24MP digitaalinen korkearesoluutio -kuvaus<br \/>\nVideo: 1080p FH 15fps 1-60sec<br \/>\nJoka s\u00e4\u00e4n kest\u00e4v\u00e4 IP66 luokitus<br \/>\nPIR Herkkyys: herkk\u00e4 \/ normaali\/ matala<br \/>\nValokuva+video: ON, Kamera ID: ON, Ajastettu kuvaus: ON<br \/>\nMulti-shot: ON ,1-7 kuvaa painalluksella, SD kortti kierto: ON, p\u00e4\u00e4ll\u00e4\/pois<br \/>\nLCD-n\u00e4ytt\u00f6 2.0&#8243; TFT<br \/>\nLaukaisijan nopeus 0,8-1 sekuntia<br \/>\nUlkopuolinen v\u00e4ritys: Camo<br \/>\nK\u00e4ytt\u00f6l\u00e4mp\u00f6tila -25C &#8211; 70C, k\u00e4ytt\u00f6kosteus 5% &#8211; 90%<br \/>\nL\u00e4mp\u00f6tilan mittausanturi<\/p>\n","protected":false},"excerpt":{"rendered":"<p>Kamerassa on IP66 vedenpit\u00e4vyysarvo ja se on monipuolinen riistakamera vaativaankin k\u00e4ytt\u00f6\u00f6n. Kamerassa on suomenkielinen k\u00e4ytt\u00f6valikko, joten asetusten ohjelmointi onnistuu vaivattomasti. Kamera on varustettu tehokkailla infrapuna (black) ledeill\u00e4 (42 kpl). Y\u00f6kuvauksen aikana automaattisesti p\u00e4\u00e4lle kytkeytyv\u00e4 salama on t\u00e4ysin n\u00e4kym\u00e4t\u00f6n ihmisille ja &hellip;<\/p>\n<p class=\"read-more\"> <a class=\"more-link\" href=\"https:\/\/www.ksttukku.fi\/cms\/tuote\/retki-riistakamera-ip66\/\"> <span class=\"screen-reader-text\">Retki riistakamera IP66<\/span> Lue lis\u00e4\u00e4 &raquo;<\/a><\/p>\n","protected":false},"featured_media":2188,"comment_status":"open","ping_status":"closed","template":"","meta":[],"product_brand":[],"product_cat":[110,90],"product_tag":[],"class_list":{"0":"post-2187","1":"product","2":"type-product","3":"status-publish","4":"has-post-thumbnail","6":"product_cat-riistakamerat","7":"product_cat-taskulamput-ja-otsavalot","9":"first","10":"instock","11":"taxable","12":"shipping-taxable","13":"purchasable","14":"product-type-simple"},"_links":{"self":[{"href":"https:\/\/www.ksttukku.fi\/cms\/wp-json\/wp\/v2\/product\/2187","targetHints":{"allow":["GET"]}}],"collection":[{"href":"https:\/\/www.ksttukku.fi\/cms\/wp-json\/wp\/v2\/product"}],"about":[{"href":"https:\/\/www.ksttukku.fi\/cms\/wp-json\/wp\/v2\/types\/product"}],"replies":[{"embeddable":true,"href":"https:\/\/www.ksttukku.fi\/cms\/wp-json\/wp\/v2\/comments?post=2187"}],"wp:featuredmedia":[{"embeddable":true,"href":"https:\/\/www.ksttukku.fi\/cms\/wp-json\/wp\/v2\/media\/2188"}],"wp:attachment":[{"href":"https:\/\/www.ksttukku.fi\/cms\/wp-json\/wp\/v2\/media?parent=2187"}],"wp:term":[{"taxonomy":"product_brand","embeddable":true,"href":"https:\/\/www.ksttukku.fi\/cms\/wp-json\/wp\/v2\/product_brand?post=2187"},{"taxonomy":"product_cat","embeddable":true,"href":"https:\/\/www.ksttukku.fi\/cms\/wp-json\/wp\/v2\/product_cat?post=2187"},{"taxonomy":"product_tag","embeddable":true,"href":"https:\/\/www.ksttukku.fi\/cms\/wp-json\/wp\/v2\/product_tag?post=2187"}],"curies":[{"name":"wp","href":"https:\/\/api.w.org\/{rel}","templated":true}]}}