{"id":229,"date":"2016-08-10T13:25:09","date_gmt":"2016-08-10T10:25:09","guid":{"rendered":"http:\/\/www.ksttukku.fi\/cms\/?post_type=product&#038;p=229"},"modified":"2016-08-22T17:56:50","modified_gmt":"2016-08-22T14:56:50","slug":"led-kohdevalo-teras","status":"publish","type":"product","link":"https:\/\/www.ksttukku.fi\/cms\/tuote\/led-kohdevalo-teras\/","title":{"rendered":"Led-kohdevalo, ter\u00e4s, IP54"},"content":{"rendered":"<p>Teho: 0,3 W<\/p>\n<p>Valovirta: 5 lm<\/p>\n<p>IP-Luokitus: IP54<\/p>\n<p>Mitat: \u2205 17 mm x 23 mm<\/p>\n<p>K\u00e4ytt\u00f6j\u00e4nnite: 12 VDC<\/p>\n<p>Avautumiskulma: 30\u00b0<\/p>\n<p>V\u00e4ril\u00e4mp\u00f6 3500 K<\/p>\n<p>V\u00e4ri: ter\u00e4s<\/p>\n","protected":false},"excerpt":{"rendered":"<p>Led-valosarjaan kytkett\u00e4v\u00e4 kohdevalo<\/p>\n","protected":false},"featured_media":228,"comment_status":"open","ping_status":"closed","template":"","meta":[],"product_brand":[],"product_cat":[16],"product_tag":[],"class_list":{"0":"post-229","1":"product","2":"type-product","3":"status-publish","4":"has-post-thumbnail","6":"product_cat-led-valosarjat-led-valaisimet","8":"first","9":"instock","10":"taxable","11":"shipping-taxable","12":"purchasable","13":"product-type-simple"},"_links":{"self":[{"href":"https:\/\/www.ksttukku.fi\/cms\/wp-json\/wp\/v2\/product\/229","targetHints":{"allow":["GET"]}}],"collection":[{"href":"https:\/\/www.ksttukku.fi\/cms\/wp-json\/wp\/v2\/product"}],"about":[{"href":"https:\/\/www.ksttukku.fi\/cms\/wp-json\/wp\/v2\/types\/product"}],"replies":[{"embeddable":true,"href":"https:\/\/www.ksttukku.fi\/cms\/wp-json\/wp\/v2\/comments?post=229"}],"wp:featuredmedia":[{"embeddable":true,"href":"https:\/\/www.ksttukku.fi\/cms\/wp-json\/wp\/v2\/media\/228"}],"wp:attachment":[{"href":"https:\/\/www.ksttukku.fi\/cms\/wp-json\/wp\/v2\/media?parent=229"}],"wp:term":[{"taxonomy":"product_brand","embeddable":true,"href":"https:\/\/www.ksttukku.fi\/cms\/wp-json\/wp\/v2\/product_brand?post=229"},{"taxonomy":"product_cat","embeddable":true,"href":"https:\/\/www.ksttukku.fi\/cms\/wp-json\/wp\/v2\/product_cat?post=229"},{"taxonomy":"product_tag","embeddable":true,"href":"https:\/\/www.ksttukku.fi\/cms\/wp-json\/wp\/v2\/product_tag?post=229"}],"curies":[{"name":"wp","href":"https:\/\/api.w.org\/{rel}","templated":true}]}}