{"id":2296,"date":"2018-09-08T13:47:28","date_gmt":"2018-09-08T10:47:28","guid":{"rendered":"http:\/\/www.ksttukku.fi\/cms\/?post_type=product&#038;p=2296"},"modified":"2018-09-08T13:47:28","modified_gmt":"2018-09-08T10:47:28","slug":"led-slim-tyovalo-100w","status":"publish","type":"product","link":"https:\/\/www.ksttukku.fi\/cms\/tuote\/led-slim-tyovalo-100w\/","title":{"rendered":"Led slim ty\u00f6valo 100W"},"content":{"rendered":"<p>LED-valonheitin toimintavarmalla tekniikalla. Ohut ja tyylik\u00e4s valaisin ty\u00f6valaistukseen sek\u00e4 ulko- ja teollisuusvalaistukseen. Pitk\u00e4ik\u00e4inen LED valaisin syttyy heti t\u00e4yteen valotehoonsa ja valaisee tehokkaasti kohteensa. Valaisimessa valmiina 1,8 m liit\u00e4nt\u00e4johto ( H05RN-F 3&#215;1.0mm\u00b2 kumikaapeli) ja IP44 SUKO-pistotulppa. Vaivaton siirt\u00e4\u00e4 ja kohdentaa H-JALUSTANSA ansiosta!<\/p>\n<p>Teho: 100W<\/p>\n<p>Valovirta: 8000lm<\/p>\n<p>J\u00e4nnite: 230V\/50Hz<\/p>\n<p>IP-luokka: IP43<\/p>\n<p>V\u00e4ril\u00e4mp\u00f6tila: 4500k valkoinen<\/p>\n<p>Valonjakokulma 100\u00b0<\/p>\n<p>K\u00e4ytt\u00f6ik\u00e4: 30 000 h<\/p>\n<p>Materiaali: runko alumiinivalua, kehys alumiinia (musta), kirkas karkaistu lasi<\/p>\n<p>2 Vuoden takuu<\/p>\n","protected":false},"excerpt":{"rendered":"<p>LED-valonheitin toimintavarmalla tekniikalla. Ohut ja tyylik\u00e4s valaisin ty\u00f6valaistukseen sek\u00e4 ulko- ja teollisuusvalaistukseen. Pitk\u00e4ik\u00e4inen LED valaisin syttyy heti t\u00e4yteen valotehoonsa ja valaisee tehokkaasti kohteensa. Valaisimessa valmiina 1,8 m liit\u00e4nt\u00e4johto ( H05RN-F 3&#215;1.0mm\u00b2 kumikaapeli) ja IP44 SUKO-pistotulppa. Vaivaton siirt\u00e4\u00e4 ja kohdentaa H-JALUSTANSA &hellip;<\/p>\n<p class=\"read-more\"> <a class=\"more-link\" href=\"https:\/\/www.ksttukku.fi\/cms\/tuote\/led-slim-tyovalo-100w\/\"> <span class=\"screen-reader-text\">Led slim ty\u00f6valo 100W<\/span> Lue lis\u00e4\u00e4 &raquo;<\/a><\/p>\n","protected":false},"featured_media":2297,"comment_status":"open","ping_status":"closed","template":"","meta":[],"product_brand":[],"product_cat":[19,79],"product_tag":[],"class_list":{"0":"post-2296","1":"product","2":"type-product","3":"status-publish","4":"has-post-thumbnail","6":"product_cat-led-valonheittimet","7":"product_cat-slim-valonheittimet","9":"first","10":"instock","11":"taxable","12":"shipping-taxable","13":"purchasable","14":"product-type-simple"},"_links":{"self":[{"href":"https:\/\/www.ksttukku.fi\/cms\/wp-json\/wp\/v2\/product\/2296","targetHints":{"allow":["GET"]}}],"collection":[{"href":"https:\/\/www.ksttukku.fi\/cms\/wp-json\/wp\/v2\/product"}],"about":[{"href":"https:\/\/www.ksttukku.fi\/cms\/wp-json\/wp\/v2\/types\/product"}],"replies":[{"embeddable":true,"href":"https:\/\/www.ksttukku.fi\/cms\/wp-json\/wp\/v2\/comments?post=2296"}],"wp:featuredmedia":[{"embeddable":true,"href":"https:\/\/www.ksttukku.fi\/cms\/wp-json\/wp\/v2\/media\/2297"}],"wp:attachment":[{"href":"https:\/\/www.ksttukku.fi\/cms\/wp-json\/wp\/v2\/media?parent=2296"}],"wp:term":[{"taxonomy":"product_brand","embeddable":true,"href":"https:\/\/www.ksttukku.fi\/cms\/wp-json\/wp\/v2\/product_brand?post=2296"},{"taxonomy":"product_cat","embeddable":true,"href":"https:\/\/www.ksttukku.fi\/cms\/wp-json\/wp\/v2\/product_cat?post=2296"},{"taxonomy":"product_tag","embeddable":true,"href":"https:\/\/www.ksttukku.fi\/cms\/wp-json\/wp\/v2\/product_tag?post=2296"}],"curies":[{"name":"wp","href":"https:\/\/api.w.org\/{rel}","templated":true}]}}