{"id":2428,"date":"2019-05-28T15:45:50","date_gmt":"2019-05-28T12:45:50","guid":{"rendered":"http:\/\/www.ksttukku.fi\/cms\/?post_type=product&#038;p=2428"},"modified":"2019-05-28T15:45:51","modified_gmt":"2019-05-28T12:45:51","slug":"finelectro-valonheitin-500w","status":"publish","type":"product","link":"https:\/\/www.ksttukku.fi\/cms\/tuote\/finelectro-valonheitin-500w\/","title":{"rendered":"Finelectro valonheitin 500W"},"content":{"rendered":"<p>Tehokas valaisin ty\u00f6valaistukseen sek\u00e4 ulko- ja teollisuusvalaistukseen. Valaisee hyvin laajemmankin alueen.<br \/>\nIP-luokka: IP44<br \/>\nTeho: 500W<br \/>\nValovirta: 50000 lm (100lm\/W)<br \/>\nJ\u00e4nnite: AC100-240V<br \/>\nValonjakokulma 60\u00b0<br \/>\nMateriaali: Runko alumiinia, kupu lasia<br \/>\nV\u00e4ri: musta<br \/>\nMitat: 490 x 481 x 107mm<br \/>\nK\u00e4ytt\u00f6ik\u00e4: 30 000 h<\/p>\n","protected":false},"excerpt":{"rendered":"<p>Tehokas valaisin ty\u00f6valaistukseen sek\u00e4 ulko- ja teollisuusvalaistukseen. Valaisee hyvin laajemmankin alueen. IP-luokka: IP44 Teho: 500W Valovirta: 50000 lm (100lm\/W) J\u00e4nnite: AC100-240V Valonjakokulma 60\u00b0 Materiaali: Runko alumiinia, kupu lasia V\u00e4ri: musta Mitat: 490 x 481 x 107mm K\u00e4ytt\u00f6ik\u00e4: 30 000 h<\/p>\n","protected":false},"featured_media":2429,"comment_status":"open","ping_status":"closed","template":"","meta":[],"product_brand":[],"product_cat":[19,100],"product_tag":[],"class_list":{"0":"post-2428","1":"product","2":"type-product","3":"status-publish","4":"has-post-thumbnail","6":"product_cat-led-valonheittimet","7":"product_cat-suurteho-valonheittimet","9":"first","10":"instock","11":"taxable","12":"shipping-taxable","13":"purchasable","14":"product-type-simple"},"_links":{"self":[{"href":"https:\/\/www.ksttukku.fi\/cms\/wp-json\/wp\/v2\/product\/2428","targetHints":{"allow":["GET"]}}],"collection":[{"href":"https:\/\/www.ksttukku.fi\/cms\/wp-json\/wp\/v2\/product"}],"about":[{"href":"https:\/\/www.ksttukku.fi\/cms\/wp-json\/wp\/v2\/types\/product"}],"replies":[{"embeddable":true,"href":"https:\/\/www.ksttukku.fi\/cms\/wp-json\/wp\/v2\/comments?post=2428"}],"wp:featuredmedia":[{"embeddable":true,"href":"https:\/\/www.ksttukku.fi\/cms\/wp-json\/wp\/v2\/media\/2429"}],"wp:attachment":[{"href":"https:\/\/www.ksttukku.fi\/cms\/wp-json\/wp\/v2\/media?parent=2428"}],"wp:term":[{"taxonomy":"product_brand","embeddable":true,"href":"https:\/\/www.ksttukku.fi\/cms\/wp-json\/wp\/v2\/product_brand?post=2428"},{"taxonomy":"product_cat","embeddable":true,"href":"https:\/\/www.ksttukku.fi\/cms\/wp-json\/wp\/v2\/product_cat?post=2428"},{"taxonomy":"product_tag","embeddable":true,"href":"https:\/\/www.ksttukku.fi\/cms\/wp-json\/wp\/v2\/product_tag?post=2428"}],"curies":[{"name":"wp","href":"https:\/\/api.w.org\/{rel}","templated":true}]}}