{"id":2462,"date":"2019-08-27T18:31:14","date_gmt":"2019-08-27T15:31:14","guid":{"rendered":"http:\/\/www.ksttukku.fi\/cms\/?post_type=product&#038;p=2462"},"modified":"2019-08-27T19:00:17","modified_gmt":"2019-08-27T16:00:17","slug":"tarmo-solarvalo-rst-koristelasilla-display","status":"publish","type":"product","link":"https:\/\/www.ksttukku.fi\/cms\/tuote\/tarmo-solarvalo-rst-koristelasilla-display\/","title":{"rendered":"Tarmo solarvalo rst koristelasilla display"},"content":{"rendered":"<p>Halk. 7,5 cm, kork. 36 cm.<br \/>\nPolypropeeni, ruostumaton ter\u00e4s.<br \/>\n1 kpl valkoinen led, akku 1,2V AAA NiMH.<br \/>\nMaapiikki varren sis\u00e4ll\u00e4.<br \/>\nH\u00e4m\u00e4r\u00e4kytkin.<br \/>\nP\u00f6yt\u00e4display.<br \/>\nIP44.<\/p>\n","protected":false},"excerpt":{"rendered":"<p>Myyntier\u00e4 12 kpl<\/p>\n","protected":false},"featured_media":2463,"comment_status":"open","ping_status":"closed","template":"","meta":[],"product_brand":[],"product_cat":[104],"product_tag":[],"class_list":{"0":"post-2462","1":"product","2":"type-product","3":"status-publish","4":"has-post-thumbnail","6":"product_cat-aurinkokennovalot","8":"first","9":"instock","10":"taxable","11":"shipping-taxable","12":"purchasable","13":"product-type-simple"},"_links":{"self":[{"href":"https:\/\/www.ksttukku.fi\/cms\/wp-json\/wp\/v2\/product\/2462","targetHints":{"allow":["GET"]}}],"collection":[{"href":"https:\/\/www.ksttukku.fi\/cms\/wp-json\/wp\/v2\/product"}],"about":[{"href":"https:\/\/www.ksttukku.fi\/cms\/wp-json\/wp\/v2\/types\/product"}],"replies":[{"embeddable":true,"href":"https:\/\/www.ksttukku.fi\/cms\/wp-json\/wp\/v2\/comments?post=2462"}],"wp:featuredmedia":[{"embeddable":true,"href":"https:\/\/www.ksttukku.fi\/cms\/wp-json\/wp\/v2\/media\/2463"}],"wp:attachment":[{"href":"https:\/\/www.ksttukku.fi\/cms\/wp-json\/wp\/v2\/media?parent=2462"}],"wp:term":[{"taxonomy":"product_brand","embeddable":true,"href":"https:\/\/www.ksttukku.fi\/cms\/wp-json\/wp\/v2\/product_brand?post=2462"},{"taxonomy":"product_cat","embeddable":true,"href":"https:\/\/www.ksttukku.fi\/cms\/wp-json\/wp\/v2\/product_cat?post=2462"},{"taxonomy":"product_tag","embeddable":true,"href":"https:\/\/www.ksttukku.fi\/cms\/wp-json\/wp\/v2\/product_tag?post=2462"}],"curies":[{"name":"wp","href":"https:\/\/api.w.org\/{rel}","templated":true}]}}