{"id":2485,"date":"2019-11-13T17:43:56","date_gmt":"2019-11-13T15:43:56","guid":{"rendered":"http:\/\/www.ksttukku.fi\/cms\/?post_type=product&#038;p=2485"},"modified":"2022-04-09T10:59:59","modified_gmt":"2022-04-09T07:59:59","slug":"forest-poytavalaisin-valkoinen","status":"publish","type":"product","link":"https:\/\/www.ksttukku.fi\/cms\/tuote\/forest-poytavalaisin-valkoinen\/","title":{"rendered":"Forest p\u00f6yt\u00e4valaisin valkoinen"},"content":{"rendered":"<p>V\u00e4ri: Valkoinen l\u00e4pikuultava varjostin, josta Forest\/Mets\u00e4 aihe loistaa upeasti &#8211; valkoinen jalka<br \/>\nMateriaali: Metalli \/ Metallivarjostin<br \/>\nMitat: Korkeus varjostimella 39 cm &#8211; Halkaisija 15 cm<br \/>\nTekniset tiedot: kanta E14 &#8211; Transparentti kalustejohto kytkimell\u00e4<\/p>\n","protected":false},"excerpt":{"rendered":"<p>V\u00e4ri: Valkoinen l\u00e4pikuultava varjostin, josta Forest\/Mets\u00e4 aihe loistaa upeasti &#8211; valkoinen jalka Materiaali: Metalli \/ Metallivarjostin Mitat: Korkeus varjostimella 39 cm &#8211; Halkaisija 15 cm Tekniset tiedot: kanta E14 &#8211; Transparentti kalustejohto kytkimell\u00e4<\/p>\n","protected":false},"featured_media":2486,"comment_status":"open","ping_status":"closed","template":"","meta":[],"product_brand":[],"product_cat":[43],"product_tag":[],"class_list":{"0":"post-2485","1":"product","2":"type-product","3":"status-publish","4":"has-post-thumbnail","6":"product_cat-lattia-ja-poytavalaisimet","8":"first","9":"instock","10":"taxable","11":"shipping-taxable","12":"purchasable","13":"product-type-simple"},"_links":{"self":[{"href":"https:\/\/www.ksttukku.fi\/cms\/wp-json\/wp\/v2\/product\/2485","targetHints":{"allow":["GET"]}}],"collection":[{"href":"https:\/\/www.ksttukku.fi\/cms\/wp-json\/wp\/v2\/product"}],"about":[{"href":"https:\/\/www.ksttukku.fi\/cms\/wp-json\/wp\/v2\/types\/product"}],"replies":[{"embeddable":true,"href":"https:\/\/www.ksttukku.fi\/cms\/wp-json\/wp\/v2\/comments?post=2485"}],"wp:featuredmedia":[{"embeddable":true,"href":"https:\/\/www.ksttukku.fi\/cms\/wp-json\/wp\/v2\/media\/2486"}],"wp:attachment":[{"href":"https:\/\/www.ksttukku.fi\/cms\/wp-json\/wp\/v2\/media?parent=2485"}],"wp:term":[{"taxonomy":"product_brand","embeddable":true,"href":"https:\/\/www.ksttukku.fi\/cms\/wp-json\/wp\/v2\/product_brand?post=2485"},{"taxonomy":"product_cat","embeddable":true,"href":"https:\/\/www.ksttukku.fi\/cms\/wp-json\/wp\/v2\/product_cat?post=2485"},{"taxonomy":"product_tag","embeddable":true,"href":"https:\/\/www.ksttukku.fi\/cms\/wp-json\/wp\/v2\/product_tag?post=2485"}],"curies":[{"name":"wp","href":"https:\/\/api.w.org\/{rel}","templated":true}]}}