{"id":2505,"date":"2019-12-15T15:57:42","date_gmt":"2019-12-15T13:57:42","guid":{"rendered":"http:\/\/www.ksttukku.fi\/cms\/?post_type=product&#038;p=2505"},"modified":"2022-04-09T12:40:23","modified_gmt":"2022-04-09T09:40:23","slug":"pylvasvalaisin-haag-musta","status":"publish","type":"product","link":"https:\/\/www.ksttukku.fi\/cms\/tuote\/pylvasvalaisin-haag-musta\/","title":{"rendered":"Pylv\u00e4svalaisin Haag musta"},"content":{"rendered":"<p>Upea pollarivalaisin kuistin, pihan ja pihateiden valaisuun. Kirkas PC, runko alumiinia. Valaisimen muoto neliskulmainen, koristereunus. Vaihdettavalla E27-kantaisella lampulla (ei sis\u00e4lly pakkaukseen).<br \/>\nMateriaali: alumiini, kirkas PC<br \/>\nV\u00e4ri: musta<br \/>\nRungon mitat: 90 x 90 x 800 mm<br \/>\nKiinnitysjalusta: 132 x 132 x 16 mm<br \/>\nJalustan kiinnitysrei\u00e4t neli\u00f6ss\u00e4, reikien v\u00e4li sivussa 100,6 mm. Reik\u00e4koko \u00d8 8 mm<br \/>\nIP-luokka: IP44<\/p>\n","protected":false},"excerpt":{"rendered":"<p>Upea pollarivalaisin kuistin, pihan ja pihateiden valaisuun. Kirkas PC, runko alumiinia. Valaisimen muoto neliskulmainen, koristereunus. Vaihdettavalla E27-kantaisella lampulla (ei sis\u00e4lly pakkaukseen). Materiaali: alumiini, kirkas PC V\u00e4ri: musta Rungon mitat: 90 x 90 x 800 mm Kiinnitysjalusta: 132 x 132 x &hellip;<\/p>\n<p class=\"read-more\"> <a class=\"more-link\" href=\"https:\/\/www.ksttukku.fi\/cms\/tuote\/pylvasvalaisin-haag-musta\/\"> <span class=\"screen-reader-text\">Pylv\u00e4svalaisin Haag musta<\/span> Lue lis\u00e4\u00e4 &raquo;<\/a><\/p>\n","protected":false},"featured_media":2506,"comment_status":"open","ping_status":"closed","template":"","meta":[],"product_brand":[],"product_cat":[6],"product_tag":[],"class_list":{"0":"post-2505","1":"product","2":"type-product","3":"status-publish","4":"has-post-thumbnail","6":"product_cat-ulkovalaisimet","8":"first","9":"instock","10":"taxable","11":"shipping-taxable","12":"purchasable","13":"product-type-simple"},"_links":{"self":[{"href":"https:\/\/www.ksttukku.fi\/cms\/wp-json\/wp\/v2\/product\/2505","targetHints":{"allow":["GET"]}}],"collection":[{"href":"https:\/\/www.ksttukku.fi\/cms\/wp-json\/wp\/v2\/product"}],"about":[{"href":"https:\/\/www.ksttukku.fi\/cms\/wp-json\/wp\/v2\/types\/product"}],"replies":[{"embeddable":true,"href":"https:\/\/www.ksttukku.fi\/cms\/wp-json\/wp\/v2\/comments?post=2505"}],"wp:featuredmedia":[{"embeddable":true,"href":"https:\/\/www.ksttukku.fi\/cms\/wp-json\/wp\/v2\/media\/2506"}],"wp:attachment":[{"href":"https:\/\/www.ksttukku.fi\/cms\/wp-json\/wp\/v2\/media?parent=2505"}],"wp:term":[{"taxonomy":"product_brand","embeddable":true,"href":"https:\/\/www.ksttukku.fi\/cms\/wp-json\/wp\/v2\/product_brand?post=2505"},{"taxonomy":"product_cat","embeddable":true,"href":"https:\/\/www.ksttukku.fi\/cms\/wp-json\/wp\/v2\/product_cat?post=2505"},{"taxonomy":"product_tag","embeddable":true,"href":"https:\/\/www.ksttukku.fi\/cms\/wp-json\/wp\/v2\/product_tag?post=2505"}],"curies":[{"name":"wp","href":"https:\/\/api.w.org\/{rel}","templated":true}]}}