{"id":2512,"date":"2019-12-19T15:18:01","date_gmt":"2019-12-19T13:18:01","guid":{"rendered":"http:\/\/www.ksttukku.fi\/cms\/?post_type=product&#038;p=2512"},"modified":"2022-04-09T10:59:09","modified_gmt":"2022-04-09T07:59:09","slug":"city-ikkunavalo-musta","status":"publish","type":"product","link":"https:\/\/www.ksttukku.fi\/cms\/tuote\/city-ikkunavalo-musta\/","title":{"rendered":"City ikkunavalo musta"},"content":{"rendered":"<p>Valaisimen mitat: \u2205 10 cm, korkeus 14 cm<br \/>\nJohdon pituus: 3,5 m<br \/>\nKanta: G9 (pakkaus ei sis\u00e4ll\u00e4 lamppua) suosittelemme k\u00e4ytt\u00e4m\u00e4\u00e4n ledlamppua<br \/>\nV\u00e4ri: Musta l\u00e4pikuultava varjostin, josta City\/kaupunki aihe loistaa upeasti<br \/>\nMateriaali: Metalli ja muovi<\/p>\n","protected":false},"excerpt":{"rendered":"<p>Valaisimen mitat: \u2205 10 cm, korkeus 14 cm Johdon pituus: 3,5 m Kanta: G9 (pakkaus ei sis\u00e4ll\u00e4 lamppua) suosittelemme k\u00e4ytt\u00e4m\u00e4\u00e4n ledlamppua V\u00e4ri: Musta l\u00e4pikuultava varjostin, josta City\/kaupunki aihe loistaa upeasti Materiaali: Metalli ja muovi<\/p>\n","protected":false},"featured_media":2513,"comment_status":"open","ping_status":"closed","template":"","meta":[],"product_brand":[],"product_cat":[28],"product_tag":[],"class_list":{"0":"post-2512","1":"product","2":"type-product","3":"status-publish","4":"has-post-thumbnail","6":"product_cat-riippuvalaisimet","8":"first","9":"instock","10":"taxable","11":"shipping-taxable","12":"purchasable","13":"product-type-simple"},"_links":{"self":[{"href":"https:\/\/www.ksttukku.fi\/cms\/wp-json\/wp\/v2\/product\/2512","targetHints":{"allow":["GET"]}}],"collection":[{"href":"https:\/\/www.ksttukku.fi\/cms\/wp-json\/wp\/v2\/product"}],"about":[{"href":"https:\/\/www.ksttukku.fi\/cms\/wp-json\/wp\/v2\/types\/product"}],"replies":[{"embeddable":true,"href":"https:\/\/www.ksttukku.fi\/cms\/wp-json\/wp\/v2\/comments?post=2512"}],"wp:featuredmedia":[{"embeddable":true,"href":"https:\/\/www.ksttukku.fi\/cms\/wp-json\/wp\/v2\/media\/2513"}],"wp:attachment":[{"href":"https:\/\/www.ksttukku.fi\/cms\/wp-json\/wp\/v2\/media?parent=2512"}],"wp:term":[{"taxonomy":"product_brand","embeddable":true,"href":"https:\/\/www.ksttukku.fi\/cms\/wp-json\/wp\/v2\/product_brand?post=2512"},{"taxonomy":"product_cat","embeddable":true,"href":"https:\/\/www.ksttukku.fi\/cms\/wp-json\/wp\/v2\/product_cat?post=2512"},{"taxonomy":"product_tag","embeddable":true,"href":"https:\/\/www.ksttukku.fi\/cms\/wp-json\/wp\/v2\/product_tag?post=2512"}],"curies":[{"name":"wp","href":"https:\/\/api.w.org\/{rel}","templated":true}]}}