{"id":2526,"date":"2019-12-22T15:06:46","date_gmt":"2019-12-22T13:06:46","guid":{"rendered":"http:\/\/www.ksttukku.fi\/cms\/?post_type=product&#038;p=2526"},"modified":"2022-04-09T12:50:24","modified_gmt":"2022-04-09T09:50:24","slug":"seinavalaisin-bonn-2-os-ip44-musta","status":"publish","type":"product","link":"https:\/\/www.ksttukku.fi\/cms\/tuote\/seinavalaisin-bonn-2-os-ip44-musta\/","title":{"rendered":"Sein\u00e4valaisin Bonn IP44 musta"},"content":{"rendered":"<p>Tyylik\u00e4s py\u00f6re\u00e4 sein\u00e4valaisin sis\u00e4- ja ulkok\u00e4ytt\u00f6\u00f6n. Valaisee sek\u00e4 yl\u00f6s- ett\u00e4 alasp\u00e4in. 2 x GU10 Max 28W (ei sis.)<br \/>\nJ\u00e4nnite: 230V \/ 50Hz<br \/>\nIP-luokka: IP44<br \/>\nMateriaali: kirkas PC, alumiini<br \/>\nMitat: \u00d8 90 x P 155 mm x L 110 mm x K 234 mm<br \/>\nV\u00e4ri: musta<br \/>\nCE<\/p>\n","protected":false},"excerpt":{"rendered":"<p>Tyylik\u00e4s py\u00f6re\u00e4 sein\u00e4valaisin sis\u00e4- ja ulkok\u00e4ytt\u00f6\u00f6n. Valaisee sek\u00e4 yl\u00f6s- ett\u00e4 alasp\u00e4in. 2 x GU10 Max 28W (ei sis.) J\u00e4nnite: 230V \/ 50Hz IP-luokka: IP44 Materiaali: kirkas PC, alumiini Mitat: \u00d8 90 x P 155 mm x L 110 mm x &hellip;<\/p>\n<p class=\"read-more\"> <a class=\"more-link\" href=\"https:\/\/www.ksttukku.fi\/cms\/tuote\/seinavalaisin-bonn-2-os-ip44-musta\/\"> <span class=\"screen-reader-text\">Sein\u00e4valaisin Bonn IP44 musta<\/span> Lue lis\u00e4\u00e4 &raquo;<\/a><\/p>\n","protected":false},"featured_media":2527,"comment_status":"open","ping_status":"closed","template":"","meta":[],"product_brand":[],"product_cat":[6],"product_tag":[],"class_list":{"0":"post-2526","1":"product","2":"type-product","3":"status-publish","4":"has-post-thumbnail","6":"product_cat-ulkovalaisimet","8":"first","9":"instock","10":"taxable","11":"shipping-taxable","12":"purchasable","13":"product-type-simple"},"_links":{"self":[{"href":"https:\/\/www.ksttukku.fi\/cms\/wp-json\/wp\/v2\/product\/2526","targetHints":{"allow":["GET"]}}],"collection":[{"href":"https:\/\/www.ksttukku.fi\/cms\/wp-json\/wp\/v2\/product"}],"about":[{"href":"https:\/\/www.ksttukku.fi\/cms\/wp-json\/wp\/v2\/types\/product"}],"replies":[{"embeddable":true,"href":"https:\/\/www.ksttukku.fi\/cms\/wp-json\/wp\/v2\/comments?post=2526"}],"wp:featuredmedia":[{"embeddable":true,"href":"https:\/\/www.ksttukku.fi\/cms\/wp-json\/wp\/v2\/media\/2527"}],"wp:attachment":[{"href":"https:\/\/www.ksttukku.fi\/cms\/wp-json\/wp\/v2\/media?parent=2526"}],"wp:term":[{"taxonomy":"product_brand","embeddable":true,"href":"https:\/\/www.ksttukku.fi\/cms\/wp-json\/wp\/v2\/product_brand?post=2526"},{"taxonomy":"product_cat","embeddable":true,"href":"https:\/\/www.ksttukku.fi\/cms\/wp-json\/wp\/v2\/product_cat?post=2526"},{"taxonomy":"product_tag","embeddable":true,"href":"https:\/\/www.ksttukku.fi\/cms\/wp-json\/wp\/v2\/product_tag?post=2526"}],"curies":[{"name":"wp","href":"https:\/\/api.w.org\/{rel}","templated":true}]}}