{"id":255,"date":"2016-08-11T16:33:37","date_gmt":"2016-08-11T13:33:37","guid":{"rendered":"http:\/\/www.ksttukku.fi\/cms\/?post_type=product&#038;p=255"},"modified":"2018-09-14T12:51:26","modified_gmt":"2018-09-14T09:51:26","slug":"ledlamppu-e27-12w-1000lm","status":"publish","type":"product","link":"https:\/\/www.ksttukku.fi\/cms\/tuote\/ledlamppu-e27-12w-1000lm\/","title":{"rendered":"Ledlamppu E27, 12W, 1050lm, 3000K"},"content":{"rendered":"<p>Teho: 12 W<\/p>\n<p>Valovirta: 1050 lm<\/p>\n<p>Mitat: 60 x 106,5 (mm)<\/p>\n<p>Valonjakokulma: 200\u00b0<\/p>\n<p>V\u00e4ril\u00e4mp\u00f6tila: 3000 K<\/p>\n<p>K\u00e4ytt\u00f6aika: 20000 h<\/p>\n","protected":false},"excerpt":{"rendered":"<p>Myyntier\u00e4 10 kpl<\/p>\n","protected":false},"featured_media":370,"comment_status":"open","ping_status":"closed","template":"","meta":[],"product_brand":[],"product_cat":[72,20],"product_tag":[],"class_list":{"0":"post-255","1":"product","2":"type-product","3":"status-publish","4":"has-post-thumbnail","6":"product_cat-ledlamput","7":"product_cat-led-lamput","9":"first","10":"instock","11":"taxable","12":"shipping-taxable","13":"purchasable","14":"product-type-simple"},"_links":{"self":[{"href":"https:\/\/www.ksttukku.fi\/cms\/wp-json\/wp\/v2\/product\/255","targetHints":{"allow":["GET"]}}],"collection":[{"href":"https:\/\/www.ksttukku.fi\/cms\/wp-json\/wp\/v2\/product"}],"about":[{"href":"https:\/\/www.ksttukku.fi\/cms\/wp-json\/wp\/v2\/types\/product"}],"replies":[{"embeddable":true,"href":"https:\/\/www.ksttukku.fi\/cms\/wp-json\/wp\/v2\/comments?post=255"}],"wp:featuredmedia":[{"embeddable":true,"href":"https:\/\/www.ksttukku.fi\/cms\/wp-json\/wp\/v2\/media\/370"}],"wp:attachment":[{"href":"https:\/\/www.ksttukku.fi\/cms\/wp-json\/wp\/v2\/media?parent=255"}],"wp:term":[{"taxonomy":"product_brand","embeddable":true,"href":"https:\/\/www.ksttukku.fi\/cms\/wp-json\/wp\/v2\/product_brand?post=255"},{"taxonomy":"product_cat","embeddable":true,"href":"https:\/\/www.ksttukku.fi\/cms\/wp-json\/wp\/v2\/product_cat?post=255"},{"taxonomy":"product_tag","embeddable":true,"href":"https:\/\/www.ksttukku.fi\/cms\/wp-json\/wp\/v2\/product_tag?post=255"}],"curies":[{"name":"wp","href":"https:\/\/api.w.org\/{rel}","templated":true}]}}