{"id":2561,"date":"2020-01-23T17:36:35","date_gmt":"2020-01-23T15:36:35","guid":{"rendered":"http:\/\/www.ksttukku.fi\/cms\/?post_type=product&#038;p=2561"},"modified":"2020-01-23T17:38:21","modified_gmt":"2020-01-23T15:38:21","slug":"himmennettava-paneelivalo-18w-ip20","status":"publish","type":"product","link":"https:\/\/www.ksttukku.fi\/cms\/tuote\/himmennettava-paneelivalo-18w-ip20\/","title":{"rendered":"Himmennett\u00e4v\u00e4 paneelivalo 18W, IP20"},"content":{"rendered":"<p>Eritt\u00e4in ohut sisustus- ja yleisvalaisin kaikkiin kodin kuiviin tiloihin<br \/>\nSis\u00e4lt\u00e4\u00e4 himmennett\u00e4v\u00e4n liit\u00e4nt\u00e4laitteen<br \/>\nLeve\u00e4 tasainen valonjako<br \/>\nTeho: 18 W<br \/>\nValovirta: 1260 lm<br \/>\nValaisimen koko: \u2205 225 mm, korkeus 12 mm<br \/>\nUpotusaukko: \u2205 210 mm<br \/>\nValonjakokulma: 120\u00b0<br \/>\nV\u00e4ril\u00e4mp\u00f6 3500 K<\/p>\n","protected":false},"excerpt":{"rendered":"<p>Eritt\u00e4in ohut sisustus- ja yleisvalaisin kaikkiin kodin kuiviin tiloihin Sis\u00e4lt\u00e4\u00e4 himmennett\u00e4v\u00e4n liit\u00e4nt\u00e4laitteen Leve\u00e4 tasainen valonjako Teho: 18 W Valovirta: 1260 lm Valaisimen koko: \u2205 225 mm, korkeus 12 mm Upotusaukko: \u2205 210 mm Valonjakokulma: 120\u00b0 V\u00e4ril\u00e4mp\u00f6 3500 K<\/p>\n","protected":false},"featured_media":2562,"comment_status":"open","ping_status":"closed","template":"","meta":[],"product_brand":[],"product_cat":[23],"product_tag":[],"class_list":{"0":"post-2561","1":"product","2":"type-product","3":"status-publish","4":"has-post-thumbnail","6":"product_cat-upotettavat","8":"first","9":"instock","10":"taxable","11":"shipping-taxable","12":"purchasable","13":"product-type-simple"},"_links":{"self":[{"href":"https:\/\/www.ksttukku.fi\/cms\/wp-json\/wp\/v2\/product\/2561","targetHints":{"allow":["GET"]}}],"collection":[{"href":"https:\/\/www.ksttukku.fi\/cms\/wp-json\/wp\/v2\/product"}],"about":[{"href":"https:\/\/www.ksttukku.fi\/cms\/wp-json\/wp\/v2\/types\/product"}],"replies":[{"embeddable":true,"href":"https:\/\/www.ksttukku.fi\/cms\/wp-json\/wp\/v2\/comments?post=2561"}],"wp:featuredmedia":[{"embeddable":true,"href":"https:\/\/www.ksttukku.fi\/cms\/wp-json\/wp\/v2\/media\/2562"}],"wp:attachment":[{"href":"https:\/\/www.ksttukku.fi\/cms\/wp-json\/wp\/v2\/media?parent=2561"}],"wp:term":[{"taxonomy":"product_brand","embeddable":true,"href":"https:\/\/www.ksttukku.fi\/cms\/wp-json\/wp\/v2\/product_brand?post=2561"},{"taxonomy":"product_cat","embeddable":true,"href":"https:\/\/www.ksttukku.fi\/cms\/wp-json\/wp\/v2\/product_cat?post=2561"},{"taxonomy":"product_tag","embeddable":true,"href":"https:\/\/www.ksttukku.fi\/cms\/wp-json\/wp\/v2\/product_tag?post=2561"}],"curies":[{"name":"wp","href":"https:\/\/api.w.org\/{rel}","templated":true}]}}