{"id":2567,"date":"2020-01-29T15:20:27","date_gmt":"2020-01-29T13:20:27","guid":{"rendered":"http:\/\/www.ksttukku.fi\/cms\/?post_type=product&#038;p=2567"},"modified":"2022-04-08T17:08:25","modified_gmt":"2022-04-08T14:08:25","slug":"himmennettava-paneelivalo-12w-3cct","status":"publish","type":"product","link":"https:\/\/www.ksttukku.fi\/cms\/tuote\/himmennettava-paneelivalo-12w-3cct\/","title":{"rendered":"Himmennett\u00e4v\u00e4 paneelivalo 12W 3CCT"},"content":{"rendered":"<p>LED paneelivalo 12W,3CCT+himmennett\u00e4v\u00e4<br \/>\nJ\u00e4nnite: 230V, 50Hz<br \/>\nValovirta: 900lm<br \/>\nCRI: &gt;80<br \/>\nKoko: \u00d8 170 mm x 29 mm<br \/>\nUpotusaukko: \u00d8 155 mm<br \/>\nValonjakokulma 120\u00b0<br \/>\nK\u00e4ytt\u00f6ik\u00e4 25 000 h<br \/>\n2 vuoden takuu<br \/>\nMateriaali: Alumiini+muovi PC<\/p>\n","protected":false},"excerpt":{"rendered":"<p>LED paneelivalo 12W,3CCT+himmennett\u00e4v\u00e4 J\u00e4nnite: 230V, 50Hz Valovirta: 900lm CRI: &gt;80 Koko: \u00d8 170 mm x 29 mm Upotusaukko: \u00d8 155 mm Valonjakokulma 120\u00b0 K\u00e4ytt\u00f6ik\u00e4 25 000 h 2 vuoden takuu Materiaali: Alumiini+muovi PC<\/p>\n","protected":false},"featured_media":2566,"comment_status":"open","ping_status":"closed","template":"","meta":[],"product_brand":[],"product_cat":[23],"product_tag":[],"class_list":{"0":"post-2567","1":"product","2":"type-product","3":"status-publish","4":"has-post-thumbnail","6":"product_cat-upotettavat","8":"first","9":"instock","10":"taxable","11":"shipping-taxable","12":"purchasable","13":"product-type-simple"},"_links":{"self":[{"href":"https:\/\/www.ksttukku.fi\/cms\/wp-json\/wp\/v2\/product\/2567","targetHints":{"allow":["GET"]}}],"collection":[{"href":"https:\/\/www.ksttukku.fi\/cms\/wp-json\/wp\/v2\/product"}],"about":[{"href":"https:\/\/www.ksttukku.fi\/cms\/wp-json\/wp\/v2\/types\/product"}],"replies":[{"embeddable":true,"href":"https:\/\/www.ksttukku.fi\/cms\/wp-json\/wp\/v2\/comments?post=2567"}],"wp:featuredmedia":[{"embeddable":true,"href":"https:\/\/www.ksttukku.fi\/cms\/wp-json\/wp\/v2\/media\/2566"}],"wp:attachment":[{"href":"https:\/\/www.ksttukku.fi\/cms\/wp-json\/wp\/v2\/media?parent=2567"}],"wp:term":[{"taxonomy":"product_brand","embeddable":true,"href":"https:\/\/www.ksttukku.fi\/cms\/wp-json\/wp\/v2\/product_brand?post=2567"},{"taxonomy":"product_cat","embeddable":true,"href":"https:\/\/www.ksttukku.fi\/cms\/wp-json\/wp\/v2\/product_cat?post=2567"},{"taxonomy":"product_tag","embeddable":true,"href":"https:\/\/www.ksttukku.fi\/cms\/wp-json\/wp\/v2\/product_tag?post=2567"}],"curies":[{"name":"wp","href":"https:\/\/api.w.org\/{rel}","templated":true}]}}