{"id":2591,"date":"2020-02-10T16:22:15","date_gmt":"2020-02-10T14:22:15","guid":{"rendered":"http:\/\/www.ksttukku.fi\/cms\/?post_type=product&#038;p=2591"},"modified":"2020-02-10T16:22:15","modified_gmt":"2020-02-10T14:22:15","slug":"himmennettava-paneelivalaisin-6w-3cct-2","status":"publish","type":"product","link":"https:\/\/www.ksttukku.fi\/cms\/tuote\/himmennettava-paneelivalaisin-6w-3cct-2\/","title":{"rendered":"Himmennett\u00e4v\u00e4 paneelivalaisin 6W 3CCT"},"content":{"rendered":"<p>LED paneelivalo 6W, 3 CCT+himmennett\u00e4v\u00e4, neli\u00f6<br \/>\nJ\u00e4nnite: 230V, 50Hz<br \/>\nValovirta: 390lm<br \/>\nCRI: >80<br \/>\nKoko: 120 mm x 120 mm x 35 mm<br \/>\nValonjakokulma 120\u00b0<br \/>\nK\u00e4ytt\u00f6ik\u00e4 25 000 h<br \/>\n2 vuoden takuu<br \/>\nMateriaali: Alumiini + muovi PC<br \/>\nJohto: 50 cm<\/p>\n","protected":false},"excerpt":{"rendered":"<p>LED paneelivalo 6W, 3 CCT+himmennett\u00e4v\u00e4, neli\u00f6 J\u00e4nnite: 230V, 50Hz Valovirta: 390lm CRI: >80 Koko: 120 mm x 120 mm x 35 mm Valonjakokulma 120\u00b0 K\u00e4ytt\u00f6ik\u00e4 25 000 h 2 vuoden takuu Materiaali: Alumiini + muovi PC Johto: 50 cm<\/p>\n","protected":false},"featured_media":2592,"comment_status":"open","ping_status":"closed","template":"","meta":[],"product_brand":[],"product_cat":[15],"product_tag":[],"class_list":{"0":"post-2591","1":"product","2":"type-product","3":"status-publish","4":"has-post-thumbnail","6":"product_cat-led-valaisimet","8":"first","9":"instock","10":"taxable","11":"shipping-taxable","12":"purchasable","13":"product-type-simple"},"_links":{"self":[{"href":"https:\/\/www.ksttukku.fi\/cms\/wp-json\/wp\/v2\/product\/2591","targetHints":{"allow":["GET"]}}],"collection":[{"href":"https:\/\/www.ksttukku.fi\/cms\/wp-json\/wp\/v2\/product"}],"about":[{"href":"https:\/\/www.ksttukku.fi\/cms\/wp-json\/wp\/v2\/types\/product"}],"replies":[{"embeddable":true,"href":"https:\/\/www.ksttukku.fi\/cms\/wp-json\/wp\/v2\/comments?post=2591"}],"wp:featuredmedia":[{"embeddable":true,"href":"https:\/\/www.ksttukku.fi\/cms\/wp-json\/wp\/v2\/media\/2592"}],"wp:attachment":[{"href":"https:\/\/www.ksttukku.fi\/cms\/wp-json\/wp\/v2\/media?parent=2591"}],"wp:term":[{"taxonomy":"product_brand","embeddable":true,"href":"https:\/\/www.ksttukku.fi\/cms\/wp-json\/wp\/v2\/product_brand?post=2591"},{"taxonomy":"product_cat","embeddable":true,"href":"https:\/\/www.ksttukku.fi\/cms\/wp-json\/wp\/v2\/product_cat?post=2591"},{"taxonomy":"product_tag","embeddable":true,"href":"https:\/\/www.ksttukku.fi\/cms\/wp-json\/wp\/v2\/product_tag?post=2591"}],"curies":[{"name":"wp","href":"https:\/\/api.w.org\/{rel}","templated":true}]}}