{"id":2599,"date":"2020-02-12T16:45:38","date_gmt":"2020-02-12T14:45:38","guid":{"rendered":"http:\/\/www.ksttukku.fi\/cms\/?post_type=product&#038;p=2599"},"modified":"2023-02-27T18:50:13","modified_gmt":"2023-02-27T16:50:13","slug":"aruba-led-lattiavalaisin-harjattuteras","status":"publish","type":"product","link":"https:\/\/www.ksttukku.fi\/cms\/tuote\/aruba-led-lattiavalaisin-harjattuteras\/","title":{"rendered":"Aruba LED lattiavalaisin harjattuter\u00e4s"},"content":{"rendered":"<p>Kaksiosainen lattiavalaisin. Molemmille lampuille oma kytkin josta voidaan valotehoa s\u00e4\u00e4t\u00e4\u00e4.<br \/>\nMitat: \u2205 28 cm, korkeus 180 cm<br \/>\nTeho: Yl\u00e4valo 18W, lukuvalo 5W<br \/>\nValovirta: Yl\u00e4valo 1400 lm, lukuvalo 400 lm<br \/>\nV\u00e4ril\u00e4mp\u00f6tila: 2800 K<br \/>\nV\u00e4ri: harjattuter\u00e4s<\/p>\n","protected":false},"excerpt":{"rendered":"<p>Kaksiosainen lattiavalaisin. Molemmille lampuille oma kytkin josta voidaan valotehoa s\u00e4\u00e4t\u00e4\u00e4. Mitat: \u2205 28 cm, korkeus 180 cm Teho: Yl\u00e4valo 18W, lukuvalo 5W Valovirta: Yl\u00e4valo 1400 lm, lukuvalo 400 lm V\u00e4ril\u00e4mp\u00f6tila: 2800 K V\u00e4ri: harjattuter\u00e4s<\/p>\n","protected":false},"featured_media":2600,"comment_status":"open","ping_status":"closed","template":"","meta":[],"product_brand":[],"product_cat":[43],"product_tag":[],"class_list":{"0":"post-2599","1":"product","2":"type-product","3":"status-publish","4":"has-post-thumbnail","6":"product_cat-lattia-ja-poytavalaisimet","8":"first","9":"instock","10":"taxable","11":"shipping-taxable","12":"purchasable","13":"product-type-simple"},"_links":{"self":[{"href":"https:\/\/www.ksttukku.fi\/cms\/wp-json\/wp\/v2\/product\/2599","targetHints":{"allow":["GET"]}}],"collection":[{"href":"https:\/\/www.ksttukku.fi\/cms\/wp-json\/wp\/v2\/product"}],"about":[{"href":"https:\/\/www.ksttukku.fi\/cms\/wp-json\/wp\/v2\/types\/product"}],"replies":[{"embeddable":true,"href":"https:\/\/www.ksttukku.fi\/cms\/wp-json\/wp\/v2\/comments?post=2599"}],"wp:featuredmedia":[{"embeddable":true,"href":"https:\/\/www.ksttukku.fi\/cms\/wp-json\/wp\/v2\/media\/2600"}],"wp:attachment":[{"href":"https:\/\/www.ksttukku.fi\/cms\/wp-json\/wp\/v2\/media?parent=2599"}],"wp:term":[{"taxonomy":"product_brand","embeddable":true,"href":"https:\/\/www.ksttukku.fi\/cms\/wp-json\/wp\/v2\/product_brand?post=2599"},{"taxonomy":"product_cat","embeddable":true,"href":"https:\/\/www.ksttukku.fi\/cms\/wp-json\/wp\/v2\/product_cat?post=2599"},{"taxonomy":"product_tag","embeddable":true,"href":"https:\/\/www.ksttukku.fi\/cms\/wp-json\/wp\/v2\/product_tag?post=2599"}],"curies":[{"name":"wp","href":"https:\/\/api.w.org\/{rel}","templated":true}]}}