{"id":2606,"date":"2020-02-13T13:11:24","date_gmt":"2020-02-13T11:11:24","guid":{"rendered":"http:\/\/www.ksttukku.fi\/cms\/?post_type=product&#038;p=2606"},"modified":"2020-02-13T13:11:25","modified_gmt":"2020-02-13T11:11:25","slug":"himmennettava-paneelivalaisin-clip-on-18w","status":"publish","type":"product","link":"https:\/\/www.ksttukku.fi\/cms\/tuote\/himmennettava-paneelivalaisin-clip-on-18w\/","title":{"rendered":"Himmennett\u00e4v\u00e4 paneelivalaisin clip-on 18W"},"content":{"rendered":"<p>K\u00e4ytt\u00f6j\u00e4nnite: 230 V, 50 Hz<br \/>\nTeho: 18 W<br \/>\nValovirta: 1350 lm<br \/>\nV\u00e4ril\u00e4mp\u00f6tila, CCT: 3 000 K, l\u00e4mmin vakoinen<br \/>\nRa\/CRI: > 80<br \/>\nElinik\u00e4: 35 000 h<br \/>\nValonjakokulma: 120\u00b0<br \/>\nMateriaali: PC-\/PS-muovi, alumiini, ter\u00e4s<br \/>\nV\u00e4ri: Valkoinen, valopinta opaali<br \/>\nMitat: \u00d8 220 mm x 17.8 mm, valopinta \u00d8 174 mm<br \/>\nAsennus: Pinta-asennus tai puoliuppo \u00d8 55\u2013175 mm aukkoon<br \/>\nKotelointiluokka: IP20\/IP43 (IP43 kattoasennuksessa)<\/p>\n","protected":false},"excerpt":{"rendered":"<p>K\u00e4ytt\u00f6j\u00e4nnite: 230 V, 50 Hz Teho: 18 W Valovirta: 1350 lm V\u00e4ril\u00e4mp\u00f6tila, CCT: 3 000 K, l\u00e4mmin vakoinen Ra\/CRI: > 80 Elinik\u00e4: 35 000 h Valonjakokulma: 120\u00b0 Materiaali: PC-\/PS-muovi, alumiini, ter\u00e4s V\u00e4ri: Valkoinen, valopinta opaali Mitat: \u00d8 220 mm x &hellip;<\/p>\n<p class=\"read-more\"> <a class=\"more-link\" href=\"https:\/\/www.ksttukku.fi\/cms\/tuote\/himmennettava-paneelivalaisin-clip-on-18w\/\"> <span class=\"screen-reader-text\">Himmennett\u00e4v\u00e4 paneelivalaisin clip-on 18W<\/span> Lue lis\u00e4\u00e4 &raquo;<\/a><\/p>\n","protected":false},"featured_media":2598,"comment_status":"open","ping_status":"closed","template":"","meta":[],"product_brand":[],"product_cat":[15,23],"product_tag":[],"class_list":{"0":"post-2606","1":"product","2":"type-product","3":"status-publish","4":"has-post-thumbnail","6":"product_cat-led-valaisimet","7":"product_cat-upotettavat","9":"first","10":"instock","11":"taxable","12":"shipping-taxable","13":"purchasable","14":"product-type-simple"},"_links":{"self":[{"href":"https:\/\/www.ksttukku.fi\/cms\/wp-json\/wp\/v2\/product\/2606","targetHints":{"allow":["GET"]}}],"collection":[{"href":"https:\/\/www.ksttukku.fi\/cms\/wp-json\/wp\/v2\/product"}],"about":[{"href":"https:\/\/www.ksttukku.fi\/cms\/wp-json\/wp\/v2\/types\/product"}],"replies":[{"embeddable":true,"href":"https:\/\/www.ksttukku.fi\/cms\/wp-json\/wp\/v2\/comments?post=2606"}],"wp:featuredmedia":[{"embeddable":true,"href":"https:\/\/www.ksttukku.fi\/cms\/wp-json\/wp\/v2\/media\/2598"}],"wp:attachment":[{"href":"https:\/\/www.ksttukku.fi\/cms\/wp-json\/wp\/v2\/media?parent=2606"}],"wp:term":[{"taxonomy":"product_brand","embeddable":true,"href":"https:\/\/www.ksttukku.fi\/cms\/wp-json\/wp\/v2\/product_brand?post=2606"},{"taxonomy":"product_cat","embeddable":true,"href":"https:\/\/www.ksttukku.fi\/cms\/wp-json\/wp\/v2\/product_cat?post=2606"},{"taxonomy":"product_tag","embeddable":true,"href":"https:\/\/www.ksttukku.fi\/cms\/wp-json\/wp\/v2\/product_tag?post=2606"}],"curies":[{"name":"wp","href":"https:\/\/api.w.org\/{rel}","templated":true}]}}