{"id":2611,"date":"2020-02-19T16:11:43","date_gmt":"2020-02-19T14:11:43","guid":{"rendered":"http:\/\/www.ksttukku.fi\/cms\/?post_type=product&#038;p=2611"},"modified":"2020-02-19T16:11:43","modified_gmt":"2020-02-19T14:11:43","slug":"alumiiniprofiili-kulma-1m","status":"publish","type":"product","link":"https:\/\/www.ksttukku.fi\/cms\/tuote\/alumiiniprofiili-kulma-1m\/","title":{"rendered":"Alumiiniprofiili kulma 1m"},"content":{"rendered":"<p>Pinta-asennettava alumiiniprofiili LED-nauhalle<br \/>\nPituus 1m<br \/>\nPakkaus sis\u00e4lt\u00e4\u00e4:<\/p>\n<ul>\n<li>P\u00e4\u00e4typalat<\/li>\n<li>Kiinnitysklipsit<\/li>\n<li>Alumiiniprofiilin<\/li>\n<\/ul>\n","protected":false},"excerpt":{"rendered":"<p>Pinta-asennettava alumiiniprofiili LED-nauhalle Pituus 1m Pakkaus sis\u00e4lt\u00e4\u00e4: P\u00e4\u00e4typalat Kiinnitysklipsit Alumiiniprofiilin<\/p>\n","protected":false},"featured_media":2612,"comment_status":"open","ping_status":"closed","template":"","meta":[],"product_brand":[],"product_cat":[80],"product_tag":[],"class_list":{"0":"post-2611","1":"product","2":"type-product","3":"status-publish","4":"has-post-thumbnail","6":"product_cat-led-valonauhasarjat","8":"first","9":"instock","10":"taxable","11":"shipping-taxable","12":"purchasable","13":"product-type-simple"},"_links":{"self":[{"href":"https:\/\/www.ksttukku.fi\/cms\/wp-json\/wp\/v2\/product\/2611","targetHints":{"allow":["GET"]}}],"collection":[{"href":"https:\/\/www.ksttukku.fi\/cms\/wp-json\/wp\/v2\/product"}],"about":[{"href":"https:\/\/www.ksttukku.fi\/cms\/wp-json\/wp\/v2\/types\/product"}],"replies":[{"embeddable":true,"href":"https:\/\/www.ksttukku.fi\/cms\/wp-json\/wp\/v2\/comments?post=2611"}],"wp:featuredmedia":[{"embeddable":true,"href":"https:\/\/www.ksttukku.fi\/cms\/wp-json\/wp\/v2\/media\/2612"}],"wp:attachment":[{"href":"https:\/\/www.ksttukku.fi\/cms\/wp-json\/wp\/v2\/media?parent=2611"}],"wp:term":[{"taxonomy":"product_brand","embeddable":true,"href":"https:\/\/www.ksttukku.fi\/cms\/wp-json\/wp\/v2\/product_brand?post=2611"},{"taxonomy":"product_cat","embeddable":true,"href":"https:\/\/www.ksttukku.fi\/cms\/wp-json\/wp\/v2\/product_cat?post=2611"},{"taxonomy":"product_tag","embeddable":true,"href":"https:\/\/www.ksttukku.fi\/cms\/wp-json\/wp\/v2\/product_tag?post=2611"}],"curies":[{"name":"wp","href":"https:\/\/api.w.org\/{rel}","templated":true}]}}