{"id":2615,"date":"2020-02-20T11:49:40","date_gmt":"2020-02-20T09:49:40","guid":{"rendered":"http:\/\/www.ksttukku.fi\/cms\/?post_type=product&#038;p=2615"},"modified":"2020-02-20T11:49:40","modified_gmt":"2020-02-20T09:49:40","slug":"y-haaroitin-ip44","status":"publish","type":"product","link":"https:\/\/www.ksttukku.fi\/cms\/tuote\/y-haaroitin-ip44\/","title":{"rendered":"Y-haaroitin IP44"},"content":{"rendered":"<p>Kaksinapainen pistorasian Y-haaroitin on roiskevesisuojattu itsesulkeutuvilla l\u00e4pp\u00e4kansilla.<\/p>\n<p>TEKNISET TIEDOT<br \/>\nJ\u00e4nnite: 250 V.<br \/>\nHuippuvirta: 16 A.<br \/>\nMaksimikuormitus: 3680 W.<br \/>\nSuojausluokka: IP44, sis\u00e4- ja ulkok\u00e4ytt\u00f6\u00f6n.<br \/>\nNapojen lukum\u00e4\u00e4r\u00e4: 2 x 16 A.<\/p>\n","protected":false},"excerpt":{"rendered":"<p>Kaksinapainen pistorasian Y-haaroitin on roiskevesisuojattu itsesulkeutuvilla l\u00e4pp\u00e4kansilla. TEKNISET TIEDOT J\u00e4nnite: 250 V. Huippuvirta: 16 A. Maksimikuormitus: 3680 W. Suojausluokka: IP44, sis\u00e4- ja ulkok\u00e4ytt\u00f6\u00f6n. Napojen lukum\u00e4\u00e4r\u00e4: 2 x 16 A.<\/p>\n","protected":false},"featured_media":2616,"comment_status":"open","ping_status":"closed","template":"","meta":[],"product_brand":[],"product_cat":[33,49],"product_tag":[],"class_list":{"0":"post-2615","1":"product","2":"type-product","3":"status-publish","4":"has-post-thumbnail","6":"product_cat-haaroittimet-ja-adapterit","7":"product_cat-sahkotarvikkeet","9":"first","10":"instock","11":"taxable","12":"shipping-taxable","13":"purchasable","14":"product-type-simple"},"_links":{"self":[{"href":"https:\/\/www.ksttukku.fi\/cms\/wp-json\/wp\/v2\/product\/2615","targetHints":{"allow":["GET"]}}],"collection":[{"href":"https:\/\/www.ksttukku.fi\/cms\/wp-json\/wp\/v2\/product"}],"about":[{"href":"https:\/\/www.ksttukku.fi\/cms\/wp-json\/wp\/v2\/types\/product"}],"replies":[{"embeddable":true,"href":"https:\/\/www.ksttukku.fi\/cms\/wp-json\/wp\/v2\/comments?post=2615"}],"wp:featuredmedia":[{"embeddable":true,"href":"https:\/\/www.ksttukku.fi\/cms\/wp-json\/wp\/v2\/media\/2616"}],"wp:attachment":[{"href":"https:\/\/www.ksttukku.fi\/cms\/wp-json\/wp\/v2\/media?parent=2615"}],"wp:term":[{"taxonomy":"product_brand","embeddable":true,"href":"https:\/\/www.ksttukku.fi\/cms\/wp-json\/wp\/v2\/product_brand?post=2615"},{"taxonomy":"product_cat","embeddable":true,"href":"https:\/\/www.ksttukku.fi\/cms\/wp-json\/wp\/v2\/product_cat?post=2615"},{"taxonomy":"product_tag","embeddable":true,"href":"https:\/\/www.ksttukku.fi\/cms\/wp-json\/wp\/v2\/product_tag?post=2615"}],"curies":[{"name":"wp","href":"https:\/\/api.w.org\/{rel}","templated":true}]}}