{"id":2617,"date":"2020-02-20T12:15:32","date_gmt":"2020-02-20T10:15:32","guid":{"rendered":"http:\/\/www.ksttukku.fi\/cms\/?post_type=product&#038;p=2617"},"modified":"2022-04-14T16:11:08","modified_gmt":"2022-04-14T13:11:08","slug":"terassivalosarja-5-os-rgb","status":"publish","type":"product","link":"https:\/\/www.ksttukku.fi\/cms\/tuote\/terassivalosarja-5-os-rgb\/","title":{"rendered":"Terassivalosarja 5-os RGB"},"content":{"rendered":"<p>Soveltuu sek\u00e4 sis\u00e4- ett\u00e4 ulkok\u00e4ytt\u00f6\u00f6n asennettavaksi lattiaan, portaisiin, aitaan pylv\u00e4isiin, katoksiin ym. luomaan tunnelmavalaistusta. RGB v\u00e4ri\u00e4 vaihtava, s\u00e4\u00e4dett\u00e4viss\u00e4 mukana tulevalla kaukos\u00e4\u00e4timell\u00e4.<\/p>\n<p>Pakkauksessa LED kohdevaloja 5 x 0,6 W. Kehyksen halkaisija 40 mm, upotusreik\u00e4 30 mm, upotussyvyys 34 mm. Suojausluokka IP44.<\/p>\n","protected":false},"excerpt":{"rendered":"<p>Soveltuu sek\u00e4 sis\u00e4- ett\u00e4 ulkok\u00e4ytt\u00f6\u00f6n asennettavaksi lattiaan, portaisiin, aitaan pylv\u00e4isiin, katoksiin ym. luomaan tunnelmavalaistusta. RGB v\u00e4ri\u00e4 vaihtava, s\u00e4\u00e4dett\u00e4viss\u00e4 mukana tulevalla kaukos\u00e4\u00e4timell\u00e4. Pakkauksessa LED kohdevaloja 5 x 0,6 W. Kehyksen halkaisija 40 mm, upotusreik\u00e4 30 mm, upotussyvyys 34 mm. Suojausluokka IP44.<\/p>\n","protected":false},"featured_media":2618,"comment_status":"open","ping_status":"closed","template":"","meta":[],"product_brand":[],"product_cat":[6],"product_tag":[],"class_list":{"0":"post-2617","1":"product","2":"type-product","3":"status-publish","4":"has-post-thumbnail","6":"product_cat-ulkovalaisimet","8":"first","9":"instock","10":"taxable","11":"shipping-taxable","12":"purchasable","13":"product-type-simple"},"_links":{"self":[{"href":"https:\/\/www.ksttukku.fi\/cms\/wp-json\/wp\/v2\/product\/2617","targetHints":{"allow":["GET"]}}],"collection":[{"href":"https:\/\/www.ksttukku.fi\/cms\/wp-json\/wp\/v2\/product"}],"about":[{"href":"https:\/\/www.ksttukku.fi\/cms\/wp-json\/wp\/v2\/types\/product"}],"replies":[{"embeddable":true,"href":"https:\/\/www.ksttukku.fi\/cms\/wp-json\/wp\/v2\/comments?post=2617"}],"wp:featuredmedia":[{"embeddable":true,"href":"https:\/\/www.ksttukku.fi\/cms\/wp-json\/wp\/v2\/media\/2618"}],"wp:attachment":[{"href":"https:\/\/www.ksttukku.fi\/cms\/wp-json\/wp\/v2\/media?parent=2617"}],"wp:term":[{"taxonomy":"product_brand","embeddable":true,"href":"https:\/\/www.ksttukku.fi\/cms\/wp-json\/wp\/v2\/product_brand?post=2617"},{"taxonomy":"product_cat","embeddable":true,"href":"https:\/\/www.ksttukku.fi\/cms\/wp-json\/wp\/v2\/product_cat?post=2617"},{"taxonomy":"product_tag","embeddable":true,"href":"https:\/\/www.ksttukku.fi\/cms\/wp-json\/wp\/v2\/product_tag?post=2617"}],"curies":[{"name":"wp","href":"https:\/\/api.w.org\/{rel}","templated":true}]}}