{"id":2619,"date":"2020-02-20T13:08:48","date_gmt":"2020-02-20T11:08:48","guid":{"rendered":"http:\/\/www.ksttukku.fi\/cms\/?post_type=product&#038;p=2619"},"modified":"2020-02-20T13:08:48","modified_gmt":"2020-02-20T11:08:48","slug":"led-valonauha-cct-3m","status":"publish","type":"product","link":"https:\/\/www.ksttukku.fi\/cms\/tuote\/led-valonauha-cct-3m\/","title":{"rendered":"Led-valonauha CCT 3m"},"content":{"rendered":"<p>Led-valosarja 3 m, CCT s\u00e4\u00e4dett\u00e4v\u00e4, kaukos\u00e4\u00e4din, led-driver muuntaja 24W, 12V.<\/p>\n<p>Moneen tarkoitukseen sopiva taipuisa CCT led-valosarja valaisemaan kodin sis\u00e4tiloja. Voit s\u00e4\u00e4t\u00e4\u00e4 valon voimakkuutta ja v\u00e4ris\u00e4vy\u00e4 (2700K-6500K)<br \/>\nMateriaali valkoista PCP muovia silikonip\u00e4\u00e4llysteell\u00e4. Valaistuskulma 120 \u00b0 ja valoteho 1200 lm. Kiinnitys tuotteen mukana olevalla tarrateipill\u00e4.<br \/>\nMukana muuntaja, langaton kaukos\u00e4\u00e4din ja k\u00e4ytt\u00f6ohje.<\/p>\n<p>TEKNISET TIEDOT<br \/>\nNauhan j\u00e4nnite: 230V, DC12V, teho 16 W,<br \/>\nNauhan suojausluokka: IP65.<br \/>\nValon l\u00e4hde: SMD led, 90x2700K ja 90x6500K.<br \/>\nValoteho\/metri: 400 lm, valaistuskulma 120\u00b0<br \/>\nKokonaisvaloteho: 1200 lm.<br \/>\nMitat: pituus 300 cm, leveys 10 mm, paksuus 2 mm.<br \/>\nVirtal\u00e4hde: muuntaja 220-240V 24W, IP20 (sis\u00e4k\u00e4ytt\u00f6\u00f6n).<br \/>\nKaukos\u00e4\u00e4timen paristo: CR2025 (sis. testipariston).<\/p>\n","protected":false},"excerpt":{"rendered":"<p>Led-valosarja 3 m, CCT s\u00e4\u00e4dett\u00e4v\u00e4, kaukos\u00e4\u00e4din, led-driver muuntaja 24W, 12V. Moneen tarkoitukseen sopiva taipuisa CCT led-valosarja valaisemaan kodin sis\u00e4tiloja. Voit s\u00e4\u00e4t\u00e4\u00e4 valon voimakkuutta ja v\u00e4ris\u00e4vy\u00e4 (2700K-6500K) Materiaali valkoista PCP muovia silikonip\u00e4\u00e4llysteell\u00e4. Valaistuskulma 120 \u00b0 ja valoteho 1200 lm. Kiinnitys tuotteen &hellip;<\/p>\n<p class=\"read-more\"> <a class=\"more-link\" href=\"https:\/\/www.ksttukku.fi\/cms\/tuote\/led-valonauha-cct-3m\/\"> <span class=\"screen-reader-text\">Led-valonauha CCT 3m<\/span> Lue lis\u00e4\u00e4 &raquo;<\/a><\/p>\n","protected":false},"featured_media":2620,"comment_status":"open","ping_status":"closed","template":"","meta":[],"product_brand":[],"product_cat":[80],"product_tag":[],"class_list":{"0":"post-2619","1":"product","2":"type-product","3":"status-publish","4":"has-post-thumbnail","6":"product_cat-led-valonauhasarjat","8":"first","9":"instock","10":"taxable","11":"shipping-taxable","12":"purchasable","13":"product-type-simple"},"_links":{"self":[{"href":"https:\/\/www.ksttukku.fi\/cms\/wp-json\/wp\/v2\/product\/2619","targetHints":{"allow":["GET"]}}],"collection":[{"href":"https:\/\/www.ksttukku.fi\/cms\/wp-json\/wp\/v2\/product"}],"about":[{"href":"https:\/\/www.ksttukku.fi\/cms\/wp-json\/wp\/v2\/types\/product"}],"replies":[{"embeddable":true,"href":"https:\/\/www.ksttukku.fi\/cms\/wp-json\/wp\/v2\/comments?post=2619"}],"wp:featuredmedia":[{"embeddable":true,"href":"https:\/\/www.ksttukku.fi\/cms\/wp-json\/wp\/v2\/media\/2620"}],"wp:attachment":[{"href":"https:\/\/www.ksttukku.fi\/cms\/wp-json\/wp\/v2\/media?parent=2619"}],"wp:term":[{"taxonomy":"product_brand","embeddable":true,"href":"https:\/\/www.ksttukku.fi\/cms\/wp-json\/wp\/v2\/product_brand?post=2619"},{"taxonomy":"product_cat","embeddable":true,"href":"https:\/\/www.ksttukku.fi\/cms\/wp-json\/wp\/v2\/product_cat?post=2619"},{"taxonomy":"product_tag","embeddable":true,"href":"https:\/\/www.ksttukku.fi\/cms\/wp-json\/wp\/v2\/product_tag?post=2619"}],"curies":[{"name":"wp","href":"https:\/\/api.w.org\/{rel}","templated":true}]}}