{"id":2621,"date":"2020-02-24T13:24:36","date_gmt":"2020-02-24T11:24:36","guid":{"rendered":"http:\/\/www.ksttukku.fi\/cms\/?post_type=product&#038;p=2621"},"modified":"2022-04-08T16:20:00","modified_gmt":"2022-04-08T13:20:00","slug":"paneelivalaisin-clip-on-6w-3cct","status":"publish","type":"product","link":"https:\/\/www.ksttukku.fi\/cms\/tuote\/paneelivalaisin-clip-on-6w-3cct\/","title":{"rendered":"Paneelivalaisin clip-on 6W 3CCT"},"content":{"rendered":"<p>K\u00e4ytt\u00f6j\u00e4nnite: 230 V, 50 Hz<\/p>\n<p>Teho: 6 W<\/p>\n<p>Valovirta: 450 lm<\/p>\n<p>V\u00e4ril\u00e4mp\u00f6tila, CCT: 3 000 K-4 000K-6 500K<\/p>\n<p>Ra\/CRI: &gt; 80<\/p>\n<p>Elinik\u00e4: 30 000 h<\/p>\n<p>Valonjakokulma: 120\u00b0<\/p>\n<p>Materiaali: PC-\/PS-muovi, alumiini, ter\u00e4s<\/p>\n<p>V\u00e4ri: Valkoinen, valopinta opaali<\/p>\n<p>Verkkojohto: H03VVH2-F 2&#215;0,75mm2, 0,2 m, vapaat holkitetut johdinp\u00e4\u00e4t<\/p>\n<p>Mitat: \u00d8 126 mm x 17.8 mm, valopinta \u00d8 82 mm<\/p>\n<p>Asennus: Pinta-asennus tai puoliuppo \u00d8 55\u2013100 mm aukkoon<\/p>\n<p>K\u00e4ytt\u00f6l\u00e4mp\u00f6tila: +5\u00b0C ~ +45\u00b0C, vain sis\u00e4k\u00e4ytt\u00f6\u00f6n<\/p>\n<p>Kotelointiluokka: IP20\/IP43 (IP43 kattoasennuksessa)<\/p>\n","protected":false},"excerpt":{"rendered":"<p>K\u00e4ytt\u00f6j\u00e4nnite: 230 V, 50 Hz Teho: 6 W Valovirta: 450 lm V\u00e4ril\u00e4mp\u00f6tila, CCT: 3 000 K-4 000K-6 500K Ra\/CRI: &gt; 80 Elinik\u00e4: 30 000 h Valonjakokulma: 120\u00b0 Materiaali: PC-\/PS-muovi, alumiini, ter\u00e4s V\u00e4ri: Valkoinen, valopinta opaali Verkkojohto: H03VVH2-F 2&#215;0,75mm2, 0,2 m, &hellip;<\/p>\n<p class=\"read-more\"> <a class=\"more-link\" href=\"https:\/\/www.ksttukku.fi\/cms\/tuote\/paneelivalaisin-clip-on-6w-3cct\/\"> <span class=\"screen-reader-text\">Paneelivalaisin clip-on 6W 3CCT<\/span> Lue lis\u00e4\u00e4 &raquo;<\/a><\/p>\n","protected":false},"featured_media":2622,"comment_status":"open","ping_status":"closed","template":"","meta":[],"product_brand":[],"product_cat":[15,23],"product_tag":[],"class_list":{"0":"post-2621","1":"product","2":"type-product","3":"status-publish","4":"has-post-thumbnail","6":"product_cat-led-valaisimet","7":"product_cat-upotettavat","9":"first","10":"instock","11":"taxable","12":"shipping-taxable","13":"purchasable","14":"product-type-simple"},"_links":{"self":[{"href":"https:\/\/www.ksttukku.fi\/cms\/wp-json\/wp\/v2\/product\/2621","targetHints":{"allow":["GET"]}}],"collection":[{"href":"https:\/\/www.ksttukku.fi\/cms\/wp-json\/wp\/v2\/product"}],"about":[{"href":"https:\/\/www.ksttukku.fi\/cms\/wp-json\/wp\/v2\/types\/product"}],"replies":[{"embeddable":true,"href":"https:\/\/www.ksttukku.fi\/cms\/wp-json\/wp\/v2\/comments?post=2621"}],"wp:featuredmedia":[{"embeddable":true,"href":"https:\/\/www.ksttukku.fi\/cms\/wp-json\/wp\/v2\/media\/2622"}],"wp:attachment":[{"href":"https:\/\/www.ksttukku.fi\/cms\/wp-json\/wp\/v2\/media?parent=2621"}],"wp:term":[{"taxonomy":"product_brand","embeddable":true,"href":"https:\/\/www.ksttukku.fi\/cms\/wp-json\/wp\/v2\/product_brand?post=2621"},{"taxonomy":"product_cat","embeddable":true,"href":"https:\/\/www.ksttukku.fi\/cms\/wp-json\/wp\/v2\/product_cat?post=2621"},{"taxonomy":"product_tag","embeddable":true,"href":"https:\/\/www.ksttukku.fi\/cms\/wp-json\/wp\/v2\/product_tag?post=2621"}],"curies":[{"name":"wp","href":"https:\/\/api.w.org\/{rel}","templated":true}]}}