{"id":2670,"date":"2020-03-02T16:51:06","date_gmt":"2020-03-02T14:51:06","guid":{"rendered":"http:\/\/www.ksttukku.fi\/cms\/?post_type=product&#038;p=2670"},"modified":"2022-04-08T15:56:53","modified_gmt":"2022-04-08T12:56:53","slug":"piatto-led-paneeli-24w-2400lm-3000-6500k","status":"publish","type":"product","link":"https:\/\/www.ksttukku.fi\/cms\/tuote\/piatto-led-paneeli-24w-2400lm-3000-6500k\/","title":{"rendered":"Piatto LED-paneeli 24W, 2400lm, 3000-6500K"},"content":{"rendered":"<p>Tyylik\u00e4s ja tasaisesti valaiseva paneelivalaisin kaikkiin kodin kuiviin tiloihin<\/p>\n<p>Valon tehoa ja v\u00e4ril\u00e4mp\u00f6tilaa voi s\u00e4\u00e4t\u00e4\u00e4 mukana tulevalla kaukos\u00e4\u00e4timell\u00e4<\/p>\n<p>Teho: 24W<\/p>\n<p>Valovirta: 2400 lm<\/p>\n<p>J\u00e4nnite: 230V\/50Hz<\/p>\n<p>IP-luokitus: IP20<\/p>\n<p>V\u00e4ril\u00e4mp\u00f6tila: 3000 &#8211; 6500 K,<\/p>\n<p>Mitat: 450 x 450 x 48 mm<\/p>\n","protected":false},"excerpt":{"rendered":"<p>Tyylik\u00e4s ja tasaisesti valaiseva paneelivalaisin kaikkiin kodin kuiviin tiloihin Valon tehoa ja v\u00e4ril\u00e4mp\u00f6tilaa voi s\u00e4\u00e4t\u00e4\u00e4 mukana tulevalla kaukos\u00e4\u00e4timell\u00e4 Teho: 24W Valovirta: 2400 lm J\u00e4nnite: 230V\/50Hz IP-luokitus: IP20 V\u00e4ril\u00e4mp\u00f6tila: 3000 &#8211; 6500 K, Mitat: 450 x 450 x 48 mm<\/p>\n","protected":false},"featured_media":2671,"comment_status":"open","ping_status":"closed","template":"","meta":[],"product_brand":[],"product_cat":[106],"product_tag":[],"class_list":{"0":"post-2670","1":"product","2":"type-product","3":"status-publish","4":"has-post-thumbnail","6":"product_cat-moduuli-paneelivalaisimet","8":"first","9":"instock","10":"taxable","11":"shipping-taxable","12":"purchasable","13":"product-type-simple"},"_links":{"self":[{"href":"https:\/\/www.ksttukku.fi\/cms\/wp-json\/wp\/v2\/product\/2670","targetHints":{"allow":["GET"]}}],"collection":[{"href":"https:\/\/www.ksttukku.fi\/cms\/wp-json\/wp\/v2\/product"}],"about":[{"href":"https:\/\/www.ksttukku.fi\/cms\/wp-json\/wp\/v2\/types\/product"}],"replies":[{"embeddable":true,"href":"https:\/\/www.ksttukku.fi\/cms\/wp-json\/wp\/v2\/comments?post=2670"}],"wp:featuredmedia":[{"embeddable":true,"href":"https:\/\/www.ksttukku.fi\/cms\/wp-json\/wp\/v2\/media\/2671"}],"wp:attachment":[{"href":"https:\/\/www.ksttukku.fi\/cms\/wp-json\/wp\/v2\/media?parent=2670"}],"wp:term":[{"taxonomy":"product_brand","embeddable":true,"href":"https:\/\/www.ksttukku.fi\/cms\/wp-json\/wp\/v2\/product_brand?post=2670"},{"taxonomy":"product_cat","embeddable":true,"href":"https:\/\/www.ksttukku.fi\/cms\/wp-json\/wp\/v2\/product_cat?post=2670"},{"taxonomy":"product_tag","embeddable":true,"href":"https:\/\/www.ksttukku.fi\/cms\/wp-json\/wp\/v2\/product_tag?post=2670"}],"curies":[{"name":"wp","href":"https:\/\/api.w.org\/{rel}","templated":true}]}}