{"id":2690,"date":"2020-03-12T13:33:53","date_gmt":"2020-03-12T11:33:53","guid":{"rendered":"http:\/\/www.ksttukku.fi\/cms\/?post_type=product&#038;p=2690"},"modified":"2020-03-12T13:33:54","modified_gmt":"2020-03-12T11:33:54","slug":"kattovalaisin-bremen-valkoinen","status":"publish","type":"product","link":"https:\/\/www.ksttukku.fi\/cms\/tuote\/kattovalaisin-bremen-valkoinen\/","title":{"rendered":"Kattovalaisin Bremen valkoinen"},"content":{"rendered":"<p>Valaisimen mitat: \u2205 40 cm, max korkeus 150 cm, valaisinosan korkeus 21 cm<\/p>\n<p>Kanta: E27 (pakkaus ei sis\u00e4ll\u00e4 lamppua)<\/p>\n<p>V\u00e4ri: mattavalkoinen<\/p>\n<p>Tekstiilijohto<\/p>\n","protected":false},"excerpt":{"rendered":"<p>Valaisimen mitat: \u2205 40 cm, max korkeus 150 cm, valaisinosan korkeus 21 cm Kanta: E27 (pakkaus ei sis\u00e4ll\u00e4 lamppua) V\u00e4ri: mattavalkoinen Tekstiilijohto<\/p>\n","protected":false},"featured_media":2691,"comment_status":"open","ping_status":"closed","template":"","meta":[],"product_brand":[],"product_cat":[28],"product_tag":[],"class_list":{"0":"post-2690","1":"product","2":"type-product","3":"status-publish","4":"has-post-thumbnail","6":"product_cat-riippuvalaisimet","8":"first","9":"instock","10":"taxable","11":"shipping-taxable","12":"purchasable","13":"product-type-simple"},"_links":{"self":[{"href":"https:\/\/www.ksttukku.fi\/cms\/wp-json\/wp\/v2\/product\/2690","targetHints":{"allow":["GET"]}}],"collection":[{"href":"https:\/\/www.ksttukku.fi\/cms\/wp-json\/wp\/v2\/product"}],"about":[{"href":"https:\/\/www.ksttukku.fi\/cms\/wp-json\/wp\/v2\/types\/product"}],"replies":[{"embeddable":true,"href":"https:\/\/www.ksttukku.fi\/cms\/wp-json\/wp\/v2\/comments?post=2690"}],"wp:featuredmedia":[{"embeddable":true,"href":"https:\/\/www.ksttukku.fi\/cms\/wp-json\/wp\/v2\/media\/2691"}],"wp:attachment":[{"href":"https:\/\/www.ksttukku.fi\/cms\/wp-json\/wp\/v2\/media?parent=2690"}],"wp:term":[{"taxonomy":"product_brand","embeddable":true,"href":"https:\/\/www.ksttukku.fi\/cms\/wp-json\/wp\/v2\/product_brand?post=2690"},{"taxonomy":"product_cat","embeddable":true,"href":"https:\/\/www.ksttukku.fi\/cms\/wp-json\/wp\/v2\/product_cat?post=2690"},{"taxonomy":"product_tag","embeddable":true,"href":"https:\/\/www.ksttukku.fi\/cms\/wp-json\/wp\/v2\/product_tag?post=2690"}],"curies":[{"name":"wp","href":"https:\/\/api.w.org\/{rel}","templated":true}]}}