{"id":2705,"date":"2020-03-24T18:04:42","date_gmt":"2020-03-24T16:04:42","guid":{"rendered":"http:\/\/www.ksttukku.fi\/cms\/?post_type=product&#038;p=2705"},"modified":"2022-04-09T14:21:37","modified_gmt":"2022-04-09T11:21:37","slug":"cornu-lattiavalaisin-valkoinen","status":"publish","type":"product","link":"https:\/\/www.ksttukku.fi\/cms\/tuote\/cornu-lattiavalaisin-valkoinen\/","title":{"rendered":"Cornu lattiavalaisin valkoinen"},"content":{"rendered":"<p>Cornu-lattiavalaisin sopii erinomaisesti lukuvaloksi moneen eri tilaan, esimerkiksi ty\u00f6p\u00f6yd\u00e4n viereen. Mattavalkoinen ja metallinen valaisin on 153 cm korkea. Kanta E27, PVC johto 2,5 m kytkimell\u00e4<\/p>\n","protected":false},"excerpt":{"rendered":"<p>Cornu-lattiavalaisin sopii erinomaisesti lukuvaloksi moneen eri tilaan, esimerkiksi ty\u00f6p\u00f6yd\u00e4n viereen. Mattavalkoinen ja metallinen valaisin on 153 cm korkea. Kanta E27, PVC johto 2,5 m kytkimell\u00e4<\/p>\n","protected":false},"featured_media":2706,"comment_status":"open","ping_status":"closed","template":"","meta":[],"product_brand":[],"product_cat":[43],"product_tag":[],"class_list":{"0":"post-2705","1":"product","2":"type-product","3":"status-publish","4":"has-post-thumbnail","6":"product_cat-lattia-ja-poytavalaisimet","8":"first","9":"instock","10":"taxable","11":"shipping-taxable","12":"purchasable","13":"product-type-simple"},"_links":{"self":[{"href":"https:\/\/www.ksttukku.fi\/cms\/wp-json\/wp\/v2\/product\/2705","targetHints":{"allow":["GET"]}}],"collection":[{"href":"https:\/\/www.ksttukku.fi\/cms\/wp-json\/wp\/v2\/product"}],"about":[{"href":"https:\/\/www.ksttukku.fi\/cms\/wp-json\/wp\/v2\/types\/product"}],"replies":[{"embeddable":true,"href":"https:\/\/www.ksttukku.fi\/cms\/wp-json\/wp\/v2\/comments?post=2705"}],"wp:featuredmedia":[{"embeddable":true,"href":"https:\/\/www.ksttukku.fi\/cms\/wp-json\/wp\/v2\/media\/2706"}],"wp:attachment":[{"href":"https:\/\/www.ksttukku.fi\/cms\/wp-json\/wp\/v2\/media?parent=2705"}],"wp:term":[{"taxonomy":"product_brand","embeddable":true,"href":"https:\/\/www.ksttukku.fi\/cms\/wp-json\/wp\/v2\/product_brand?post=2705"},{"taxonomy":"product_cat","embeddable":true,"href":"https:\/\/www.ksttukku.fi\/cms\/wp-json\/wp\/v2\/product_cat?post=2705"},{"taxonomy":"product_tag","embeddable":true,"href":"https:\/\/www.ksttukku.fi\/cms\/wp-json\/wp\/v2\/product_tag?post=2705"}],"curies":[{"name":"wp","href":"https:\/\/api.w.org\/{rel}","templated":true}]}}