{"id":2709,"date":"2020-03-26T13:47:02","date_gmt":"2020-03-26T11:47:02","guid":{"rendered":"http:\/\/www.ksttukku.fi\/cms\/?post_type=product&#038;p=2709"},"modified":"2020-03-26T13:47:03","modified_gmt":"2020-03-26T11:47:03","slug":"circle-2-os-kattospotti","status":"publish","type":"product","link":"https:\/\/www.ksttukku.fi\/cms\/tuote\/circle-2-os-kattospotti\/","title":{"rendered":"Circle 2-os kattospotti"},"content":{"rendered":"<p>2-lamppuinen Circle-kattospottitanko on harjatun ter\u00e4ksen v\u00e4rist\u00e4 metallia. Sen varjostimia koristavat hienot rengaskuviot.Kattokoukkukiinnitys ja pistotulppa.<\/p>\n<p>Valonl\u00e4hde: 2 x GU10 (ei sis\u00e4lly pakkaukseen)<\/p>\n","protected":false},"excerpt":{"rendered":"<p>2-lamppuinen Circle-kattospottitanko on harjatun ter\u00e4ksen v\u00e4rist\u00e4 metallia. Sen varjostimia koristavat hienot rengaskuviot.Kattokoukkukiinnitys ja pistotulppa. Valonl\u00e4hde: 2 x GU10 (ei sis\u00e4lly pakkaukseen)<\/p>\n","protected":false},"featured_media":2710,"comment_status":"open","ping_status":"closed","template":"","meta":[],"product_brand":[],"product_cat":[25],"product_tag":[],"class_list":{"0":"post-2709","1":"product","2":"type-product","3":"status-publish","4":"has-post-thumbnail","6":"product_cat-kohdevalaisimet","8":"first","9":"instock","10":"taxable","11":"shipping-taxable","12":"purchasable","13":"product-type-simple"},"_links":{"self":[{"href":"https:\/\/www.ksttukku.fi\/cms\/wp-json\/wp\/v2\/product\/2709","targetHints":{"allow":["GET"]}}],"collection":[{"href":"https:\/\/www.ksttukku.fi\/cms\/wp-json\/wp\/v2\/product"}],"about":[{"href":"https:\/\/www.ksttukku.fi\/cms\/wp-json\/wp\/v2\/types\/product"}],"replies":[{"embeddable":true,"href":"https:\/\/www.ksttukku.fi\/cms\/wp-json\/wp\/v2\/comments?post=2709"}],"wp:featuredmedia":[{"embeddable":true,"href":"https:\/\/www.ksttukku.fi\/cms\/wp-json\/wp\/v2\/media\/2710"}],"wp:attachment":[{"href":"https:\/\/www.ksttukku.fi\/cms\/wp-json\/wp\/v2\/media?parent=2709"}],"wp:term":[{"taxonomy":"product_brand","embeddable":true,"href":"https:\/\/www.ksttukku.fi\/cms\/wp-json\/wp\/v2\/product_brand?post=2709"},{"taxonomy":"product_cat","embeddable":true,"href":"https:\/\/www.ksttukku.fi\/cms\/wp-json\/wp\/v2\/product_cat?post=2709"},{"taxonomy":"product_tag","embeddable":true,"href":"https:\/\/www.ksttukku.fi\/cms\/wp-json\/wp\/v2\/product_tag?post=2709"}],"curies":[{"name":"wp","href":"https:\/\/api.w.org\/{rel}","templated":true}]}}