{"id":2733,"date":"2020-05-27T17:22:37","date_gmt":"2020-05-27T14:22:37","guid":{"rendered":"http:\/\/www.ksttukku.fi\/cms\/?post_type=product&#038;p=2733"},"modified":"2022-04-09T12:35:27","modified_gmt":"2022-04-09T09:35:27","slug":"pylvasvalaisin-jammy-valkoinen","status":"publish","type":"product","link":"https:\/\/www.ksttukku.fi\/cms\/tuote\/pylvasvalaisin-jammy-valkoinen\/","title":{"rendered":"Pylv\u00e4svalaisin Jammy valkoinen"},"content":{"rendered":"<p>Jammy pylv\u00e4svalaisin ulkok\u00e4ytt\u00f6\u00f6n, metallirunko ja lasikupu<\/p>\n<p>Mitat: korkeus 100 cm, \u2205 22 cm<\/p>\n<p>Lampunkanta: E27 (pakkaus ei sis\u00e4ll\u00e4 lamppua)<\/p>\n<p>IP-luokka: IP44<\/p>\n","protected":false},"excerpt":{"rendered":"<p>Jammy pylv\u00e4svalaisin ulkok\u00e4ytt\u00f6\u00f6n, metallirunko ja lasikupu Mitat: korkeus 100 cm, \u2205 22 cm Lampunkanta: E27 (pakkaus ei sis\u00e4ll\u00e4 lamppua) IP-luokka: IP44<\/p>\n","protected":false},"featured_media":2734,"comment_status":"open","ping_status":"closed","template":"","meta":[],"product_brand":[],"product_cat":[6],"product_tag":[],"class_list":{"0":"post-2733","1":"product","2":"type-product","3":"status-publish","4":"has-post-thumbnail","6":"product_cat-ulkovalaisimet","8":"first","9":"instock","10":"taxable","11":"shipping-taxable","12":"purchasable","13":"product-type-simple"},"_links":{"self":[{"href":"https:\/\/www.ksttukku.fi\/cms\/wp-json\/wp\/v2\/product\/2733","targetHints":{"allow":["GET"]}}],"collection":[{"href":"https:\/\/www.ksttukku.fi\/cms\/wp-json\/wp\/v2\/product"}],"about":[{"href":"https:\/\/www.ksttukku.fi\/cms\/wp-json\/wp\/v2\/types\/product"}],"replies":[{"embeddable":true,"href":"https:\/\/www.ksttukku.fi\/cms\/wp-json\/wp\/v2\/comments?post=2733"}],"wp:featuredmedia":[{"embeddable":true,"href":"https:\/\/www.ksttukku.fi\/cms\/wp-json\/wp\/v2\/media\/2734"}],"wp:attachment":[{"href":"https:\/\/www.ksttukku.fi\/cms\/wp-json\/wp\/v2\/media?parent=2733"}],"wp:term":[{"taxonomy":"product_brand","embeddable":true,"href":"https:\/\/www.ksttukku.fi\/cms\/wp-json\/wp\/v2\/product_brand?post=2733"},{"taxonomy":"product_cat","embeddable":true,"href":"https:\/\/www.ksttukku.fi\/cms\/wp-json\/wp\/v2\/product_cat?post=2733"},{"taxonomy":"product_tag","embeddable":true,"href":"https:\/\/www.ksttukku.fi\/cms\/wp-json\/wp\/v2\/product_tag?post=2733"}],"curies":[{"name":"wp","href":"https:\/\/api.w.org\/{rel}","templated":true}]}}