{"id":2738,"date":"2020-06-04T18:20:42","date_gmt":"2020-06-04T15:20:42","guid":{"rendered":"http:\/\/www.ksttukku.fi\/cms\/?post_type=product&#038;p=2738"},"modified":"2022-04-09T13:03:00","modified_gmt":"2022-04-09T10:03:00","slug":"himmennettava-kuituvalosarja-12-os-16w","status":"publish","type":"product","link":"https:\/\/www.ksttukku.fi\/cms\/tuote\/himmennettava-kuituvalosarja-12-os-16w\/","title":{"rendered":"Himmennett\u00e4v\u00e4 kuituvalosarja 12-os 16W"},"content":{"rendered":"<p>Asennusvalmis sarja sis\u00e4lt\u00e4\u00e4: projektorin, kuitunipun, lukkorenkaat (linssit) ja kaukos\u00e4\u00e4timen<\/p>\n<p>Saunan koko suositus 5 &#8211; 10 m\u00b2<\/p>\n<p>LED-projektori 12 VDC, 16W<\/p>\n<p>Valon v\u00e4ri\u00a0 Valkoinen + RGB<\/p>\n<p>Kuitujen pituudet: 12 x 3 m<\/p>\n<p>Kuitukoko 3\/4,5 mm<\/p>\n<p>Hopean v\u00e4riset lukkorenkaat<\/p>\n","protected":false},"excerpt":{"rendered":"<p>Asennusvalmis sarja sis\u00e4lt\u00e4\u00e4: projektorin, kuitunipun, lukkorenkaat (linssit) ja kaukos\u00e4\u00e4timen Saunan koko suositus 5 &#8211; 10 m\u00b2 LED-projektori 12 VDC, 16W Valon v\u00e4ri\u00a0 Valkoinen + RGB Kuitujen pituudet: 12 x 3 m Kuitukoko 3\/4,5 mm Hopean v\u00e4riset lukkorenkaat<\/p>\n","protected":false},"featured_media":2739,"comment_status":"open","ping_status":"closed","template":"","meta":[],"product_brand":[],"product_cat":[16],"product_tag":[],"class_list":{"0":"post-2738","1":"product","2":"type-product","3":"status-publish","4":"has-post-thumbnail","6":"product_cat-led-valosarjat-led-valaisimet","8":"first","9":"instock","10":"taxable","11":"shipping-taxable","12":"purchasable","13":"product-type-simple"},"_links":{"self":[{"href":"https:\/\/www.ksttukku.fi\/cms\/wp-json\/wp\/v2\/product\/2738","targetHints":{"allow":["GET"]}}],"collection":[{"href":"https:\/\/www.ksttukku.fi\/cms\/wp-json\/wp\/v2\/product"}],"about":[{"href":"https:\/\/www.ksttukku.fi\/cms\/wp-json\/wp\/v2\/types\/product"}],"replies":[{"embeddable":true,"href":"https:\/\/www.ksttukku.fi\/cms\/wp-json\/wp\/v2\/comments?post=2738"}],"wp:featuredmedia":[{"embeddable":true,"href":"https:\/\/www.ksttukku.fi\/cms\/wp-json\/wp\/v2\/media\/2739"}],"wp:attachment":[{"href":"https:\/\/www.ksttukku.fi\/cms\/wp-json\/wp\/v2\/media?parent=2738"}],"wp:term":[{"taxonomy":"product_brand","embeddable":true,"href":"https:\/\/www.ksttukku.fi\/cms\/wp-json\/wp\/v2\/product_brand?post=2738"},{"taxonomy":"product_cat","embeddable":true,"href":"https:\/\/www.ksttukku.fi\/cms\/wp-json\/wp\/v2\/product_cat?post=2738"},{"taxonomy":"product_tag","embeddable":true,"href":"https:\/\/www.ksttukku.fi\/cms\/wp-json\/wp\/v2\/product_tag?post=2738"}],"curies":[{"name":"wp","href":"https:\/\/api.w.org\/{rel}","templated":true}]}}